{"id":58367,"date":"2025-02-03T16:21:35","date_gmt":"2025-02-03T15:21:35","guid":{"rendered":"https:\/\/flameanalytics.com\/?page_id=58367"},"modified":"2025-02-04T10:15:23","modified_gmt":"2025-02-04T09:15:23","slug":"opt-out-mac","status":"publish","type":"page","link":"https:\/\/flameanalytics.com\/es\/opt-out-mac\/","title":{"rendered":"opt out mac"},"content":{"rendered":"\t\t<div data-elementor-type=\"wp-page\" data-elementor-id=\"58367\" class=\"elementor elementor-58367\" data-elementor-post-type=\"page\">\n\t\t\t\t<div class=\"elementor-element elementor-element-40124690 e-flex e-con-boxed wpr-particle-no wpr-jarallax-no wpr-parallax-no wpr-sticky-section-no e-con e-parent\" data-id=\"40124690\" data-element_type=\"container\" data-e-type=\"container\">\n\t\t\t\t\t<div class=\"e-con-inner\">\n\t\t\t\t<div class=\"elementor-element elementor-element-3fc6529d elementor-widget elementor-widget-text-editor\" data-id=\"3fc6529d\" data-element_type=\"widget\" data-e-type=\"widget\" data-widget_type=\"text-editor.default\">\n\t\t\t\t<div class=\"elementor-widget-container\">\n\t\t\t\t\t\t\t\t\t<div class=\"content-en\"><h1>\u00a0<\/h1><h1>\u00a0<\/h1><h1><strong>Exclusi\u00f3n de la recopilaci\u00f3n de datos sobre tu dispositivo m\u00f3vil<\/strong><\/h1><p>Utiliza el siguiente formulario para excluir tu dispositivo m\u00f3vil del conteo en las estad\u00edsticas proporcionadas por la plataforma de Flame Analytics.<\/p><p>Nuestra <a href=\"https:\/\/flameanalytics.com\/es\/politica-de-privacidad\/\"><strong>pol\u00edtica de privacidad<\/strong><\/a> regula c\u00f3mo protegemos y compartimos los datos que recopilamos.<\/p><p>Visita nuestra <strong>p\u00e1gina web<\/strong> para conocer m\u00e1s sobre los servicios que ofrecemos a nuestros clientes.<\/p><h3><strong>Tu dispositivo<\/strong><\/h3><p>Identificamos los dispositivos Wi-Fi por su direcci\u00f3n <strong>MAC<\/strong>, un identificador \u00fanico asignado de f\u00e1brica. Para eliminar los datos recopilados sobre tu dispositivo y evitar futuras recopilaciones, debes proporcionar tu direcci\u00f3n MAC.<\/p><ul><li>En dispositivos <strong>Apple<\/strong>, puedes encontrarla en:<br \/><strong>Ajustes &gt; General &gt; Informaci\u00f3n &gt; Direcci\u00f3n Wi-Fi<\/strong>, con un formato similar a este: <strong>00:AB:CD:98:76:54<\/strong>.<\/li><li>En dispositivos <strong>Android<\/strong>, est\u00e1 en:<br \/><strong>Ajustes &gt; Acerca del tel\u00e9fono &gt; Estado &gt; Direcci\u00f3n MAC de Wi-Fi<\/strong>, con un formato como este: <strong>00:ab:cd:98:76:54<\/strong>.<\/li><\/ul><p><strong>Direcci\u00f3n MAC<\/strong><\/p><p>La informaci\u00f3n que env\u00edes en este formulario se usar\u00e1 exclusivamente para verificar la validez de tu solicitud y atenderla, en conformidad con nuestra <strong>pol\u00edtica de privacidad<\/strong>. Para evitar abusos, podemos registrar informaci\u00f3n sobre tu direcci\u00f3n IP y navegador web junto con los datos ingresados en el formulario.<\/p><form action=\"URL_DE_ENV\u00cdO\" method=\"post\"><label for=\"mac\">Introduce tu direcci\u00f3n MAC:<\/label><\/form><\/div>\t\t\t\t\t\t\t\t<\/div>\n\t\t\t\t<\/div>\n\t\t\t\t\t<\/div>\n\t\t\t\t<\/div>\n\t\t<div class=\"elementor-element elementor-element-534d400 e-flex e-con-boxed wpr-particle-no wpr-jarallax-no wpr-parallax-no wpr-sticky-section-no e-con e-parent\" data-id=\"534d400\" data-element_type=\"container\" data-e-type=\"container\">\n\t\t\t\t\t<div class=\"e-con-inner\">\n\t\t\t\t<div class=\"elementor-element elementor-element-ebca7cd elementor-button-align-start elementor-widget elementor-widget-form\" data-id=\"ebca7cd\" data-element_type=\"widget\" data-e-type=\"widget\" data-settings=\"{&quot;step_next_label&quot;:&quot;Next&quot;,&quot;step_previous_label&quot;:&quot;Previous&quot;,&quot;button_width&quot;:&quot;100&quot;,&quot;step_type&quot;:&quot;number_text&quot;,&quot;step_icon_shape&quot;:&quot;circle&quot;}\" data-widget_type=\"form.default\">\n\t\t\t\t<div class=\"elementor-widget-container\">\n\t\t\t\t\t\t\t<form class=\"elementor-form\" method=\"post\" name=\"Formulario de contacto\" aria-label=\"Formulario de contacto\">\n\t\t\t<input type=\"hidden\" name=\"post_id\" value=\"58367\"\/>\n\t\t\t<input type=\"hidden\" name=\"form_id\" value=\"ebca7cd\"\/>\n\t\t\t<input type=\"hidden\" name=\"referer_title\" value=\"Opt Out Mac\" \/>\n\n\t\t\t\t\t\t\t<input type=\"hidden\" name=\"queried_id\" value=\"58367\"\/>\n\t\t\t\n\t\t\t<div class=\"elementor-form-fields-wrapper elementor-labels-\">\n\t\t\t\t\t\t\t\t<div class=\"elementor-field-type-number elementor-field-group elementor-column elementor-field-group-field_70ae2ed elementor-col-66 elementor-field-required\">\n\t\t\t\t\t\t\t\t\t\t\t\t<label for=\"form-field-field_70ae2ed\" class=\"elementor-field-label elementor-screen-only\">\n\t\t\t\t\t\t\t\tMAC\t\t\t\t\t\t\t<\/label>\n\t\t\t\t\t\t\t\t\t<input type=\"number\" name=\"form_fields[field_70ae2ed]\" id=\"form-field-field_70ae2ed\" class=\"elementor-field elementor-size-sm  elementor-field-textual\" placeholder=\"MAC\" required=\"required\" min=\"\" max=\"\" >\n\t\t\t\t\t\t<\/div>\n\t\t\t\t\t\t\t\t<div class=\"elementor-field-type-acceptance elementor-field-group elementor-column elementor-field-group-field_7745cd2 elementor-col-100 elementor-field-required\">\n\t\t\t\t\t\t\t\t\t\t\t\t<label for=\"form-field-field_7745cd2\" class=\"elementor-field-label elementor-screen-only\">\n\t\t\t\t\t\t\t\tPolitica\t\t\t\t\t\t\t<\/label>\n\t\t\t\t\t\t\t\t<div class=\"elementor-field-subgroup\">\n\t\t\t<span class=\"elementor-field-option\">\n\t\t\t\t<input type=\"checkbox\" name=\"form_fields[field_7745cd2]\" id=\"form-field-field_7745cd2\" class=\"elementor-field elementor-size-sm  elementor-acceptance-field\" required=\"required\" checked=\"checked\">\n\t\t\t\t<label for=\"form-field-field_7745cd2\">He le\u00eddo y acepto la pol\u00edtica de privacidad.<\/label>\t\t\t<\/span>\n\t\t<\/div>\n\t\t\t\t\t\t<\/div>\n\t\t\t\t\t\t\t\t<div class=\"elementor-field-group elementor-column elementor-field-type-submit elementor-col-100 e-form__buttons\">\n\t\t\t\t\t<button class=\"elementor-button elementor-size-sm\" type=\"submit\">\n\t\t\t\t\t\t<span class=\"elementor-button-content-wrapper\">\n\t\t\t\t\t\t\t\t\t\t\t\t\t\t\t\t\t\t\t\t\t\t<span class=\"elementor-button-text\">Send<\/span>\n\t\t\t\t\t\t\t\t\t\t\t\t\t<\/span>\n\t\t\t\t\t<\/button>\n\t\t\t\t<\/div>\n\t\t\t<\/div>\n\t\t<\/form>\n\t\t\t\t\t\t<\/div>\n\t\t\t\t<\/div>\n\t\t\t\t<div class=\"elementor-element elementor-element-52d6fe9 elementor-widget-divider--view-line elementor-widget elementor-widget-divider\" data-id=\"52d6fe9\" data-element_type=\"widget\" data-e-type=\"widget\" data-widget_type=\"divider.default\">\n\t\t\t\t<div class=\"elementor-widget-container\">\n\t\t\t\t\t\t\t<div class=\"elementor-divider\">\n\t\t\t<span class=\"elementor-divider-separator\">\n\t\t\t\t\t\t<\/span>\n\t\t<\/div>\n\t\t\t\t\t\t<\/div>\n\t\t\t\t<\/div>\n\t\t\t\t\t<\/div>\n\t\t\t\t<\/div>\n\t\t\t\t<\/div>\n\t\t","protected":false},"excerpt":{"rendered":"<p>\u00a0 \u00a0 Exclusi\u00f3n de la recopilaci\u00f3n de datos sobre tu dispositivo m\u00f3vil Utiliza el siguiente formulario para excluir tu dispositivo m\u00f3vil del conteo en las estad\u00edsticas proporcionadas por la plataforma de Flame Analytics. Nuestra pol\u00edtica de privacidad regula c\u00f3mo protegemos y compartimos los datos que recopilamos. Visita nuestra p\u00e1gina web para conocer m\u00e1s sobre los servicios que ofrecemos a nuestros clientes. Tu dispositivo Identificamos los dispositivos Wi-Fi por su direcci\u00f3n MAC, un identificador \u00fanico asignado de f\u00e1brica. Para eliminar los datos recopilados sobre tu dispositivo y evitar futuras recopilaciones, debes proporcionar tu direcci\u00f3n MAC. En dispositivos Apple, puedes encontrarla en:Ajustes &gt; General &gt; Informaci\u00f3n &gt; Direcci\u00f3n Wi-Fi, con un formato similar a este: 00:AB:CD:98:76:54. En dispositivos Android, est\u00e1 en:Ajustes &gt; Acerca del tel\u00e9fono &gt; Estado &gt; Direcci\u00f3n MAC de Wi-Fi, con un formato como este: 00:ab:cd:98:76:54. Direcci\u00f3n MAC La informaci\u00f3n que env\u00edes en este formulario se usar\u00e1 exclusivamente para verificar la validez de tu solicitud y atenderla, en conformidad con nuestra pol\u00edtica de privacidad. Para evitar abusos, podemos registrar informaci\u00f3n sobre tu direcci\u00f3n IP y navegador web junto con los datos ingresados en el formulario. Introduce tu direcci\u00f3n MAC:<\/p>\n","protected":false},"author":1,"featured_media":0,"parent":0,"menu_order":0,"comment_status":"closed","ping_status":"closed","template":"","meta":{"_acf_changed":false,"footnotes":""},"class_list":["post-58367","page","type-page","status-publish","hentry"],"acf":[],"_links":{"self":[{"href":"https:\/\/flameanalytics.com\/es\/wp-json\/wp\/v2\/pages\/58367","targetHints":{"allow":["GET"]}}],"collection":[{"href":"https:\/\/flameanalytics.com\/es\/wp-json\/wp\/v2\/pages"}],"about":[{"href":"https:\/\/flameanalytics.com\/es\/wp-json\/wp\/v2\/types\/page"}],"author":[{"embeddable":true,"href":"https:\/\/flameanalytics.com\/es\/wp-json\/wp\/v2\/users\/1"}],"replies":[{"embeddable":true,"href":"https:\/\/flameanalytics.com\/es\/wp-json\/wp\/v2\/comments?post=58367"}],"version-history":[{"count":22,"href":"https:\/\/flameanalytics.com\/es\/wp-json\/wp\/v2\/pages\/58367\/revisions"}],"predecessor-version":[{"id":58398,"href":"https:\/\/flameanalytics.com\/es\/wp-json\/wp\/v2\/pages\/58367\/revisions\/58398"}],"wp:attachment":[{"href":"https:\/\/flameanalytics.com\/es\/wp-json\/wp\/v2\/media?parent=58367"}],"curies":[{"name":"wp","href":"https:\/\/api.w.org\/{rel}","templated":true}]}}