{"id":49955,"date":"2023-11-20T10:53:28","date_gmt":"2023-11-20T09:53:28","guid":{"rendered":"https:\/\/flameanalytics.com\/politica-de-cookies\/"},"modified":"2023-11-21T09:54:15","modified_gmt":"2023-11-21T08:54:15","slug":"politica-de-cookies","status":"publish","type":"page","link":"https:\/\/flameanalytics.com\/es\/politica-de-cookies\/","title":{"rendered":"Pol\u00edtica de cookies"},"content":{"rendered":"\t\t<div data-elementor-type=\"wp-page\" data-elementor-id=\"49955\" class=\"elementor elementor-49955 elementor-46067\" data-elementor-post-type=\"page\">\n\t\t\t\t\t\t<section class=\"elementor-section elementor-top-section elementor-element elementor-element-d2f9e3f elementor-section-boxed elementor-section-height-default elementor-section-height-default wpr-particle-no wpr-jarallax-no wpr-parallax-no wpr-sticky-section-no\" data-id=\"d2f9e3f\" data-element_type=\"section\" data-e-type=\"section\" data-settings=\"{&quot;background_background&quot;:&quot;classic&quot;}\">\n\t\t\t\t\t\t<div class=\"elementor-container elementor-column-gap-default\">\n\t\t\t\t\t<div class=\"elementor-column elementor-col-100 elementor-top-column elementor-element elementor-element-98bce9d\" data-id=\"98bce9d\" data-element_type=\"column\" data-e-type=\"column\">\n\t\t\t<div class=\"elementor-widget-wrap elementor-element-populated\">\n\t\t\t\t\t\t<div class=\"elementor-element elementor-element-b6f473f elementor-align-left elementor-widget elementor-widget-breadcrumbs\" data-id=\"b6f473f\" data-element_type=\"widget\" data-e-type=\"widget\" data-widget_type=\"breadcrumbs.default\">\n\t\t\t\t<div class=\"elementor-widget-container\">\n\t\t\t\t\t<nav aria-label=\"breadcrumbs\" class=\"rank-math-breadcrumb\"><p><span class=\"last\">Home<\/span><\/p><\/nav>\t\t\t\t<\/div>\n\t\t\t\t<\/div>\n\t\t\t\t\t<\/div>\n\t\t<\/div>\n\t\t\t\t\t<\/div>\n\t\t<\/section>\n\t\t<div class=\"elementor-element elementor-element-66ec5f0 e-flex e-con-boxed wpr-particle-no wpr-jarallax-no wpr-parallax-no wpr-sticky-section-no e-con e-parent\" data-id=\"66ec5f0\" data-element_type=\"container\" data-e-type=\"container\" data-settings=\"{&quot;background_background&quot;:&quot;gradient&quot;}\">\n\t\t\t\t\t<div class=\"e-con-inner\">\n\t\t\t\t<div class=\"elementor-element elementor-element-c4ded0b texto-legal elementor-widget elementor-widget-text-editor\" data-id=\"c4ded0b\" data-element_type=\"widget\" data-e-type=\"widget\" data-widget_type=\"text-editor.default\">\n\t\t\t\t<div class=\"elementor-widget-container\">\n\t\t\t\t\t\t\t\t\t<h2>AVISO 1\u00aa CAPACIDAD WEB (POP &#8211; UP):<\/h2>\n<p>Utilizamos cookies propias y de terceros para mejorar la experiencia de navegaci\u00f3n. Al continuar navegando, entendemos que acepta nuestra POL\u00cdTICA DE COOKIES.<\/p>\n<h2>\u00bfQU\u00c9 ES UNA COOKIE?<\/h2>\n<p>Una cookie es un peque\u00f1o archivo, normalmente formado por letras y n\u00fameros, que se instala en su ordenador, tableta, tel\u00e9fono o dispositivo similar cuando lo utiliza para visitar un sitio web. Los propietarios de sitios web utilizan cookies para que estos sitios funcionen o lo hagan de forma m\u00e1s eficiente, ya que es necesario aportar a la navegaci\u00f3n web innumerables ventajas en la prestaci\u00f3n de servicios interactivos.<\/p>\n<h2>\u00bfPARA QU\u00c9 SE UTILIZAN LAS COOKIES?<\/h2>\n<p>La siguiente informaci\u00f3n sobre posibles tipos de cookies le ayudar\u00e1 a entender y valorar mejor nuestra pol\u00edtica de cookies:<\/p>\n<h3>Seg\u00fan su duraci\u00f3n:<\/h3>\n<p><strong>Cookies de sesi\u00f3n<\/strong>. Se trata de cookies temporales que permanecen en su ordenador hasta que abandona la p\u00e1gina web que las utiliza, por lo que ninguna queda registrada en el disco del usuario. La informaci\u00f3n obtenida a trav\u00e9s de estas cookies sirve para posibilitar la gesti\u00f3n operativa con cada uno de los usuarios que est\u00e1 accediendo simult\u00e1neamente a la web.<\/p>\n<p><strong>Cookies persistentes<\/strong>. Son cookies que permanecen almacenadas en el espacio de cookies de su ordenador una vez abandonado el sitio web y que ser\u00e1n consultadas de nuevo por la p\u00e1gina web la pr\u00f3xima vez que acceda a ella, con la finalidad de recordar informaci\u00f3n que facilite la navegaci\u00f3n (por ejemplo: acceder directamente al servicio sin tener que realizar el proceso de login) o la prestaci\u00f3n de un servicio comercial (por ejemplo: ofrecer productos o servicios relacionados con visitas anteriores).<\/p>\n<h3>Seg\u00fan su origen:<\/h3>\n<p>Las cookies que se intercambian al navegar por una p\u00e1gina web pueden ser:<\/p>\n<p><strong>Cookies de origen o propias<\/strong>. Son cookies generadas por la p\u00e1gina web que est\u00e1 visitando.<\/p>\n<p><strong>Cookies de terceros<\/strong>. Son cookies que se reciben al navegar por la p\u00e1gina web, pero que han sido generadas por un tercer servicio que se encuentra alojado en ella. Un ejemplo puede ser la cookie utilizada por un anuncio o banner publicitario que se encuentra en el sitio web que visitamos. Otra puede ser la cookie utilizada por un contador de visitas contratado por el sitio web que visitamos.<\/p>\n<h3>Seg\u00fan su finalidad:<\/h3>\n<p>Las cookies pueden utilizarse para diferentes fines:<\/p>\n<p><strong>Fines t\u00e9cnicos.<\/strong>  Permiten al usuario la navegaci\u00f3n a trav\u00e9s de una p\u00e1gina web, plataforma o aplicaci\u00f3n y la utilizaci\u00f3n de las diferentes opciones o servicios que en ella existen. Por ejemplo: controlar el tr\u00e1fico y la comunicaci\u00f3n de datos, identificar la sesi\u00f3n, acceder a partes de acceso restringido, recordar los elementos que integran un pedido, realizar el proceso de compra de un pedido, realizar la solicitud de inscripci\u00f3n o participaci\u00f3n en un evento, utilizar elementos de seguridad durante la navegaci\u00f3n, almacenar contenidos para la difusi\u00f3n de v\u00eddeos o sonido o compartir contenidos a trav\u00e9s de redes sociales.<\/p>\n<p><strong>Personalizaci\u00f3n<\/strong>. Permiten al usuario acceder al servicio con unas caracter\u00edsticas generales predefinidas en funci\u00f3n de una serie de criterios en el terminal del usuario. Por ejemplo: el idioma, el tipo de navegador por el que se accede al servicio, la configuraci\u00f3n regional desde la que se accede, etc.<\/p>\n<p><strong>An\u00e1lisis o rendimiento<\/strong>. Permiten al responsable de las mismas, el seguimiento y an\u00e1lisis del comportamiento de los usuarios de los sitios web a los que est\u00e1n vinculadas. La informaci\u00f3n recogida mediante este tipo de cookies se utiliza en la medici\u00f3n de la actividad de los sitios web, aplicaci\u00f3n o plataforma y para la elaboraci\u00f3n de perfiles de navegaci\u00f3n de los usuarios de dichos sitios, aplicaciones y plataformas, con el fin de introducir mejoras en funci\u00f3n del an\u00e1lisis de los datos de uso que hacen los usuarios del servicio.<\/p>\n<p><strong>Publicidad<\/strong>. Permiten gestionar, de la forma m\u00e1s eficaz posible, los espacios publicitarios que, en su caso, el editor haya incluido en una p\u00e1gina web, aplicaci\u00f3n o plataforma desde la que presta el servicio solicitado, en base a criterios como el contenido editado o la frecuencia en la que se muestran los anuncios.<\/p>\n<p><strong>Publicidad comportamental<\/strong>. Permiten gestionar, de la forma m\u00e1s eficaz posible, los espacios publicitarios que, en su caso, el editor haya incluido en una p\u00e1gina web, aplicaci\u00f3n o plataforma desde la que presta el servicio solicitado. Estas cookies almacenan informaci\u00f3n del comportamiento de los usuarios y se obtiene a trav\u00e9s de la observaci\u00f3n continuada de sus h\u00e1bitos de navegaci\u00f3n, lo que permite desarrollar un perfil espec\u00edfico para mostrar publicidad en funci\u00f3n del mismo.<\/p>\n<p>Las cookies que utilizamos en <strong>flameanalytics.com<\/strong> son las siguientes:<\/p>\n<table width=\"590\">\n<tbody>\n<tr>\n<td width=\"76\">\n  <strong>NOMBRE<\/strong>\n<\/td>\n<td width=\"163\">\n  <strong>PROVEEDOR<\/strong>\n<\/td>\n<td width=\"238\">\n  <strong>FINALIDAD<\/strong>\n<\/td>\n<td width=\"113\">\n  <strong>DURACI\u00d3N<\/strong>\n<\/td>\n<\/tr>\n<tr>\n<td width=\"76\">PHPSESSID<\/td>\n<td width=\"163\">Google Analytics<\/td>\n<td width=\"238\">Es una cookie utilizada por el lenguaje de encriptaci\u00f3n PHP para permitir que las variables de sesi\u00f3n se guarden en el servidor web. Es esencial para el funcionamiento de la web.<\/td>\n<td width=\"113\">Al final de la sesi\u00f3n de navegaci\u00f3n.<\/td>\n<\/tr>\n<\/tbody>\n<\/table>\n<p>Si desea eliminar las cookies registradas por el nombre de la entidad de su navegador, aqu\u00ed tiene instrucciones para hacerlo seg\u00fan los distintos navegadores:<\/p>\n<ul>\n<li><a href=\"https:\/\/support.microsoft.com\/en-gb\/help\/17442\/windows-internet-explorer-delete-manage-cookies\" target=\"_blank\" rel=\"noopener noreferrer\">Internet Explorer<\/a><\/li>\n<li><a href=\"https:\/\/support.google.com\/chrome\/answer\/95647?hl=en\" target=\"_blank\" rel=\"noopener noreferrer\">Google Chrome<\/a><\/li>\n<li><a href=\"https:\/\/support.mozilla.org\/en-US\/kb\/delete-cookies-remove-info-websites-stored\" target=\"_blank\" rel=\"noopener noreferrer\">Firefox<\/a><\/li>\n<li><a href=\"https:\/\/support.apple.com\/en-gb\/HT201265\" target=\"_blank\" rel=\"noopener noreferrer\">Safari<\/a><\/li>\n<\/ul>\n<p>En general, para eliminar las cookies de su navegador debe ir al men\u00fa <strong>Preferencias<\/strong> o <strong>Configuraci\u00f3n del navegador<\/strong> y buscar la secci\u00f3n <strong>Privacidad<\/strong>. All\u00ed encontrar\u00e1 opciones para gestionar sus cookies y otros datos almacenados por los sitios web que visita, as\u00ed como para configurar el comportamiento de su navegador ante las cookies.<\/p>\n\t\t\t\t\t\t\t\t<\/div>\n\t\t\t\t<\/div>\n\t\t\t\t\t<\/div>\n\t\t\t\t<\/div>\n\t\t\t\t<\/div>\n\t\t","protected":false},"excerpt":{"rendered":"<p>Home AVISO 1\u00aa CAPACIDAD WEB (POP &#8211; UP): Utilizamos cookies propias y de terceros para mejorar la experiencia de navegaci\u00f3n. Al continuar navegando, entendemos que acepta nuestra POL\u00cdTICA DE COOKIES. \u00bfQU\u00c9 ES UNA COOKIE? Una cookie es un peque\u00f1o archivo, normalmente formado por letras y n\u00fameros, que se instala en su ordenador, tableta, tel\u00e9fono o dispositivo similar cuando lo utiliza para visitar un sitio web. Los propietarios de sitios web utilizan cookies para que estos sitios funcionen o lo hagan de forma m\u00e1s eficiente, ya que es necesario aportar a la navegaci\u00f3n web innumerables ventajas en la prestaci\u00f3n de servicios interactivos. \u00bfPARA QU\u00c9 SE UTILIZAN LAS COOKIES? La siguiente informaci\u00f3n sobre posibles tipos de cookies le ayudar\u00e1 a entender y valorar mejor nuestra pol\u00edtica de cookies: Seg\u00fan su duraci\u00f3n: Cookies de sesi\u00f3n. Se trata de cookies temporales que permanecen en su ordenador hasta que abandona la p\u00e1gina web que las utiliza, por lo que ninguna queda registrada en el disco del usuario. La informaci\u00f3n obtenida a trav\u00e9s de estas cookies sirve para posibilitar la gesti\u00f3n operativa con cada uno de los usuarios que est\u00e1 accediendo simult\u00e1neamente a la web. Cookies persistentes. Son cookies que permanecen almacenadas en el espacio de cookies de su ordenador una vez abandonado el sitio web y que ser\u00e1n consultadas de nuevo por la p\u00e1gina web la pr\u00f3xima vez que acceda a ella, con la finalidad de recordar informaci\u00f3n que facilite la navegaci\u00f3n (por ejemplo: acceder directamente al servicio sin tener que realizar el proceso de login) o la prestaci\u00f3n de un servicio comercial (por ejemplo: ofrecer productos o servicios relacionados con visitas anteriores). Seg\u00fan su origen: Las cookies que se intercambian al navegar por una p\u00e1gina web pueden ser: Cookies de origen o propias. Son cookies generadas por la p\u00e1gina web que est\u00e1 visitando. Cookies de terceros. Son cookies que se reciben al navegar por la p\u00e1gina web, pero que han sido generadas por un tercer servicio que se encuentra alojado en ella. Un ejemplo puede ser la cookie utilizada por un anuncio o banner publicitario que se encuentra en el sitio web que visitamos. Otra puede ser la cookie utilizada por un contador de visitas contratado por el sitio web que visitamos. Seg\u00fan su finalidad: Las cookies pueden utilizarse para diferentes fines: Fines t\u00e9cnicos. Permiten al usuario la navegaci\u00f3n a trav\u00e9s de una p\u00e1gina web, plataforma o aplicaci\u00f3n y la utilizaci\u00f3n de las diferentes opciones o servicios que en ella existen. Por ejemplo: controlar el tr\u00e1fico y la comunicaci\u00f3n de datos, identificar la sesi\u00f3n, acceder a partes de acceso restringido, recordar los elementos que integran un pedido, realizar el proceso de compra de un pedido, realizar la solicitud de inscripci\u00f3n o participaci\u00f3n en un evento, utilizar elementos de seguridad durante la navegaci\u00f3n, almacenar contenidos para la difusi\u00f3n de v\u00eddeos o sonido o compartir contenidos a trav\u00e9s de redes sociales. Personalizaci\u00f3n. Permiten al usuario acceder al servicio con unas caracter\u00edsticas generales predefinidas en funci\u00f3n de una serie de criterios en el terminal del usuario. Por ejemplo: el idioma, el tipo de navegador por el que se accede al servicio, la configuraci\u00f3n regional desde la que se accede, etc. An\u00e1lisis o rendimiento. Permiten al responsable de las mismas, el seguimiento y an\u00e1lisis del comportamiento de los usuarios de los sitios web a los que est\u00e1n vinculadas. La informaci\u00f3n recogida mediante este tipo de cookies se utiliza en la medici\u00f3n de la actividad de los sitios web, aplicaci\u00f3n o plataforma y para la elaboraci\u00f3n de perfiles de navegaci\u00f3n de los usuarios de dichos sitios, aplicaciones y plataformas, con el fin de introducir mejoras en funci\u00f3n del an\u00e1lisis de los datos de uso que hacen los usuarios del servicio. Publicidad. Permiten gestionar, de la forma m\u00e1s eficaz posible, los espacios publicitarios que, en su caso, el editor haya incluido en una p\u00e1gina web, aplicaci\u00f3n o plataforma desde la que presta el servicio solicitado, en base a criterios como el contenido editado o la frecuencia en la que se muestran los anuncios. Publicidad comportamental. Permiten gestionar, de la forma m\u00e1s eficaz posible, los espacios publicitarios que, en su caso, el editor haya incluido en una p\u00e1gina web, aplicaci\u00f3n o plataforma desde la que presta el servicio solicitado. Estas cookies almacenan informaci\u00f3n del comportamiento de los usuarios y se obtiene a trav\u00e9s de la observaci\u00f3n continuada de sus h\u00e1bitos de navegaci\u00f3n, lo que permite desarrollar un perfil espec\u00edfico para mostrar publicidad en funci\u00f3n del mismo. Las cookies que utilizamos en flameanalytics.com son las siguientes: NOMBRE PROVEEDOR FINALIDAD DURACI\u00d3N PHPSESSID Google Analytics Es una cookie utilizada por el lenguaje de encriptaci\u00f3n PHP para permitir que las variables de sesi\u00f3n se guarden en el servidor web. Es esencial para el funcionamiento de la web. Al final de la sesi\u00f3n de navegaci\u00f3n. Si desea eliminar las cookies registradas por el nombre de la entidad de su navegador, aqu\u00ed tiene instrucciones para hacerlo seg\u00fan los distintos navegadores: Internet Explorer Google Chrome Firefox Safari En general, para eliminar las cookies de su navegador debe ir al men\u00fa Preferencias o Configuraci\u00f3n del navegador y buscar la secci\u00f3n Privacidad. All\u00ed encontrar\u00e1 opciones para gestionar sus cookies y otros datos almacenados por los sitios web que visita, as\u00ed como para configurar el comportamiento de su navegador ante las cookies.<\/p>\n","protected":false},"author":3,"featured_media":0,"parent":0,"menu_order":0,"comment_status":"closed","ping_status":"closed","template":"","meta":{"_acf_changed":false,"footnotes":""},"class_list":["post-49955","page","type-page","status-publish","hentry"],"acf":[],"_links":{"self":[{"href":"https:\/\/flameanalytics.com\/es\/wp-json\/wp\/v2\/pages\/49955","targetHints":{"allow":["GET"]}}],"collection":[{"href":"https:\/\/flameanalytics.com\/es\/wp-json\/wp\/v2\/pages"}],"about":[{"href":"https:\/\/flameanalytics.com\/es\/wp-json\/wp\/v2\/types\/page"}],"author":[{"embeddable":true,"href":"https:\/\/flameanalytics.com\/es\/wp-json\/wp\/v2\/users\/3"}],"replies":[{"embeddable":true,"href":"https:\/\/flameanalytics.com\/es\/wp-json\/wp\/v2\/comments?post=49955"}],"version-history":[{"count":0,"href":"https:\/\/flameanalytics.com\/es\/wp-json\/wp\/v2\/pages\/49955\/revisions"}],"wp:attachment":[{"href":"https:\/\/flameanalytics.com\/es\/wp-json\/wp\/v2\/media?parent=49955"}],"curies":[{"name":"wp","href":"https:\/\/api.w.org\/{rel}","templated":true}]}}