{"id":49953,"date":"2023-11-20T10:53:27","date_gmt":"2023-11-20T09:53:27","guid":{"rendered":"https:\/\/flameanalytics.com\/informacion-detallada\/"},"modified":"2023-11-20T12:18:14","modified_gmt":"2023-11-20T11:18:14","slug":"informacion-detallada","status":"publish","type":"page","link":"https:\/\/flameanalytics.com\/es\/informacion-detallada\/","title":{"rendered":"Informaci\u00f3n detallada sobre el tratamiento"},"content":{"rendered":"\t\t<div data-elementor-type=\"wp-page\" data-elementor-id=\"49953\" class=\"elementor elementor-49953 elementor-46073\" data-elementor-post-type=\"page\">\n\t\t\t\t\t\t<section class=\"elementor-section elementor-top-section elementor-element elementor-element-6a6dc19 elementor-section-boxed elementor-section-height-default elementor-section-height-default wpr-particle-no wpr-jarallax-no wpr-parallax-no wpr-sticky-section-no\" data-id=\"6a6dc19\" data-element_type=\"section\" data-e-type=\"section\" data-settings=\"{&quot;background_background&quot;:&quot;classic&quot;}\">\n\t\t\t\t\t\t<div class=\"elementor-container elementor-column-gap-default\">\n\t\t\t\t\t<div class=\"elementor-column elementor-col-100 elementor-top-column elementor-element elementor-element-98e1f0c\" data-id=\"98e1f0c\" data-element_type=\"column\" data-e-type=\"column\">\n\t\t\t<div class=\"elementor-widget-wrap elementor-element-populated\">\n\t\t\t\t\t\t<div class=\"elementor-element elementor-element-4d0ab37 elementor-align-left elementor-widget elementor-widget-breadcrumbs\" data-id=\"4d0ab37\" data-element_type=\"widget\" data-e-type=\"widget\" data-widget_type=\"breadcrumbs.default\">\n\t\t\t\t<div class=\"elementor-widget-container\">\n\t\t\t\t\t<nav aria-label=\"breadcrumbs\" class=\"rank-math-breadcrumb\"><p><span class=\"last\">Home<\/span><\/p><\/nav>\t\t\t\t<\/div>\n\t\t\t\t<\/div>\n\t\t\t\t\t<\/div>\n\t\t<\/div>\n\t\t\t\t\t<\/div>\n\t\t<\/section>\n\t\t<div class=\"elementor-element elementor-element-2ca769e e-flex e-con-boxed wpr-particle-no wpr-jarallax-no wpr-parallax-no wpr-sticky-section-no e-con e-parent\" data-id=\"2ca769e\" data-element_type=\"container\" data-e-type=\"container\" data-settings=\"{&quot;background_background&quot;:&quot;gradient&quot;}\">\n\t\t\t\t\t<div class=\"e-con-inner\">\n\t\t\t\t<div class=\"elementor-element elementor-element-3b74bc1 texto-legal elementor-widget elementor-widget-text-editor\" data-id=\"3b74bc1\" data-element_type=\"widget\" data-e-type=\"widget\" data-widget_type=\"text-editor.default\">\n\t\t\t\t<div class=\"elementor-widget-container\">\n\t\t\t\t\t\t\t\t\t<h2>Encargado de tratamiento<\/h2>\n<p>De conformidad con el art\u00edculo 13 del Reglamento (UE) 2016\/679, de 27 de abril de 2016, relativo a la protecci\u00f3n de datos personales (en adelante, \u00abGDPR\u00bb), le informamos de que la informaci\u00f3n facilitada por usted (nombre, apellidos, correo electr\u00f3nico, fecha de nacimiento, sexo, n\u00famero de tel\u00e9fono y c\u00f3digo postal), as\u00ed como la obtenida de sus dispositivos (direcci\u00f3n MAC, datos de posicionamiento y flujo circulatorio), quedar\u00e1 bajo la responsabilidad de  <b>FLAME ANALYTICS, S.L.,<\/b> responsable del tratamiento, sociedad con CIF B52543691 y domicilio social en Espacio Tecnol\u00f3gico Molin\u00f3n, El Molin\u00f3n 100, C.P. 33203 Gij\u00f3n (Asturias), con la que se puede contactar en el tel\u00e9fono (+34) 984 19 14 05 o a trav\u00e9s de su direcci\u00f3n de correo electr\u00f3nico <a href=\"mailto:info@flameanalytics.com\">info@flameanalytics.com.<\/a><\/p>\n<p>Asimismo, se le informa que <b>FLAME ANALYTICS, S.L<\/b>. (en adelante, \u00ab<b>FLAME<\/b>\u00ab) ha designado un representante para asuntos relacionados con la protecci\u00f3n de datos personales, con el que puede ponerse en contacto para ejercer sus derechos en la direcci\u00f3n de correo electr\u00f3nico <a href=\"mailto:privacy@flameanalytics.com\">privacy@flameanalytics.com.<\/a><\/p>\n<h2>Finalidad del tratamiento<\/h2>\n<p>Para poder acceder al servicio, el usuario debe aceptar todas las finalidades para las que fue creado ya que los beneficios derivados de las mismas ayudan al establecimiento desde el que te has conectado al servicio a sufragar los gastos derivados del servicio de acceso a la red WiFi<\/p>\n<p>Para utilizar este servicio de acceso WiFi, es necesario recoger informaci\u00f3n personal de contacto que se solicita en el formulario de registro y a trav\u00e9s de las redes sociales. Por lo tanto, le informamos que al enviar los datos anteriormente mencionados, es CONSCIENTE y ACEPTA que <b>FLAME<\/b> recopile y trate sus datos personales, direcci\u00f3n MAC y los datos de posicionamiento y flujo circulatorio generados por sus dispositivos m\u00f3viles derivados de sus movimientos dentro del recinto. La recogida de estos datos es necesaria para los siguientes fines:<\/p>\n<ul>\n<li>Para estudios estad\u00edsticos realizados por FLAME y el establecimiento desde el que se ha conectado al servicio.<\/li>\n<li>Para el env\u00edo por correo electr\u00f3nico del bolet\u00edn de noticias del establecimiento desde el que se haya conectado al servicio, as\u00ed como para el env\u00edo de comunicaciones comerciales por correo electr\u00f3nico, fax, SMS, MMS, redes sociales o cualesquiera otros medios electr\u00f3nicos o f\u00edsicos, presentes o futuros, que posibiliten realizar comunicaciones comerciales. Estas comunicaciones comerciales pueden ser relacionadas con productos o servicios ofrecidos por el establecimiento desde donde se efectu\u00f3 la conexi\u00f3n al servicio, o con comunicaciones comerciales y servicios ofrecidos por los colaboradores o socios con los que el establecimiento donde se efectu\u00f3 la conexi\u00f3n al servicio llegue a un acuerdo de promoci\u00f3n comercial entre sus clientes de las ofertas y servicios ofrecidos por dichos colaboradores o socios.<\/li>\n<\/ul>\n<p>El USUARIO podr\u00e1 darse de baja del env\u00edo de comunicaciones comerciales a trav\u00e9s de la opci\u00f3n prevista en cada una de las comunicaciones que se le dirijan haciendo clic en el apartado darse de baja de la recepci\u00f3n de todos los correos electr\u00f3nicos enviados por el establecimiento desde el que el usuario se haya conectado al servicio. La baja de las comunicaciones conlleva autom\u00e1ticamente la cancelaci\u00f3n del SERVICIO ya que el tratamiento de los datos con fines comerciales se considera una remuneraci\u00f3n por el servicio prestado.<\/p>\n<p>Conservaremos sus datos personales durante <b>tres a\u00f1os<\/b> o hasta que el usuario solicite su supresi\u00f3n.<\/p>\n<h2>Legitimaci\u00f3n para el tratamiento<\/h2>\n<p>El servicio de Internet WiFi permite al usuario disponer de conexi\u00f3n gratuita a Internet. Para utilizarla, el usuario debe facilitar voluntariamente la informaci\u00f3n, o iniciar sesi\u00f3n a trav\u00e9s de una red social, y aceptar expl\u00edcitamente los fines del tratamiento y las presentes condiciones.<\/p>\n<p>La no presentaci\u00f3n de la informaci\u00f3n solicitada o la no aceptaci\u00f3n expl\u00edcita de estas condiciones tendr\u00e1 como consecuencia la imposibilidad de prestarle el servicio de Internet WiFi.<\/p>\n<h2>Destinatarios de los datos<\/h2>\n<p>Los datos personales se transmitir\u00e1n al establecimiento en el que se haya conectado al servicio y s\u00f3lo se utilizar\u00e1n para los fines descritos en la secci\u00f3n 2.<\/p>\n<h2>Derechos del interesado<\/h2>\n<p>Cualquier usuario tiene derecho a obtener confirmaci\u00f3n sobre si <b>en FLAME<\/b> estamos tratando sus datos personales.<\/p>\n<p>El usuario tiene derecho a acceder a los datos personales que le conciernan y a solicitar la rectificaci\u00f3n de los datos inexactos o, en su caso, solicitar su supresi\u00f3n cuando, entre otros motivos, los datos ya no sean necesarios para los fines que fueron recogidos.<\/p>\n<p>En determinadas circunstancias, el usuario podr\u00e1 solicitar la limitaci\u00f3n del tratamiento de sus datos, en cuyo caso \u00e9stos s\u00f3lo se conservar\u00e1n para el reconocimiento, ejercicio o defensa de reclamaciones judiciales.<\/p>\n<p>Asimismo, por motivos relacionados con su situaci\u00f3n particular, el interesado podr\u00e1 oponerse al tratamiento de sus datos personales. En este caso, <b>FLAME<\/b> dejar\u00e1 de tratar los datos, y los suprimir\u00e1, salvo por motivos leg\u00edtimos imperiosos, o el reconocimiento, ejercicio o defensa de reclamaciones legales.<\/p>\n<p>Del mismo modo, podr\u00e1 solicitar la portabilidad de sus datos personales, en cuyo caso los datos ser\u00e1n transmitidos desde <b>FLAME<\/b> al responsable del tratamiento solicitado, siempre que sea t\u00e9cnicamente posible.<\/p>\n<p>Para ejercer el derecho a modificar sus datos y\/o cancelar las comunicaciones comerciales se ha habilitado un portal al que puede acceder en la siguiente URL: <a href=\"https:\/\/portal.flameanalytics.com\/\">https:\/\/portal.flameanalytics.com.<\/a><\/p>\n<p>Para el ejercicio de cualquier otro derecho, el usuario deber\u00e1 enviar una solicitud en la que conste el nombre y apellidos del interesado, copia de su DNI y, en los casos en que se admita, de su representante, junto con los documentos acreditativos de la representaci\u00f3n; la petici\u00f3n en que se concreta la solicitud, domicilio a efectos de notificaciones, fecha y firma del solicitante y los documentos acreditativos de la petici\u00f3n que formula. Toda esta informaci\u00f3n debe enviarse a nuestro representante.<\/p>\n<p>El ejercicio de estos derechos ser\u00e1 gratuito, en los t\u00e9rminos establecidos en la normativa aplicable que puede consultarse en este enlace: <a href=\"https:\/\/www.agpd.es\/\" target=\"_blank\" rel=\"noopener\">www.agpd.es.<\/a><\/p>\n<p>El interesado podr\u00e1 revocar en cualquier momento su consentimiento para las finalidades antes indicadas.<\/p>\n<p>Adicionalmente, el interesado tiene derecho a presentar una reclamaci\u00f3n ante la Agencia Espa\u00f1ola de Protecci\u00f3n de Datos (AEPD) a trav\u00e9s del servicio de denuncias de la AEPD; especialmente si no ha obtenido satisfacci\u00f3n en el ejercicio de sus derechos.<\/p>\n<h2>Pol\u00edtica de cookies<\/h2>\n<p>Cookies de sesi\u00f3n: Uso interno del servidor de aplicaciones. Variable con el ID de sesi\u00f3n del usuario y el nodo al que se ha asignado su sesi\u00f3n.<\/p>\n<h2>Medidas de seguridad<\/h2>\n<p><b>FLAME<\/b> ha adoptado las medidas de seguridad necesarias para que sus datos personales no se vean comprometidos.<\/p>\n<p>Del mismo modo, le informamos que sus datos son almacenados en un proveedor perteneciente a la Uni\u00f3n Europea con el que <b>FLAME<\/b> mantiene un contrato que garantiza el pleno cumplimiento por parte del proveedor de la legislaci\u00f3n vigente en materia de protecci\u00f3n de datos de car\u00e1cter personal.<\/p>\n\t\t\t\t\t\t\t\t<\/div>\n\t\t\t\t<\/div>\n\t\t\t\t\t<\/div>\n\t\t\t\t<\/div>\n\t\t\t\t<\/div>\n\t\t","protected":false},"excerpt":{"rendered":"<p>Home Encargado de tratamiento De conformidad con el art\u00edculo 13 del Reglamento (UE) 2016\/679, de 27 de abril de 2016, relativo a la protecci\u00f3n de datos personales (en adelante, \u00abGDPR\u00bb), le informamos de que la informaci\u00f3n facilitada por usted (nombre, apellidos, correo electr\u00f3nico, fecha de nacimiento, sexo, n\u00famero de tel\u00e9fono y c\u00f3digo postal), as\u00ed como la obtenida de sus dispositivos (direcci\u00f3n MAC, datos de posicionamiento y flujo circulatorio), quedar\u00e1 bajo la responsabilidad de FLAME ANALYTICS, S.L., responsable del tratamiento, sociedad con CIF B52543691 y domicilio social en Espacio Tecnol\u00f3gico Molin\u00f3n, El Molin\u00f3n 100, C.P. 33203 Gij\u00f3n (Asturias), con la que se puede contactar en el tel\u00e9fono (+34) 984 19 14 05 o a trav\u00e9s de su direcci\u00f3n de correo electr\u00f3nico info@flameanalytics.com. Asimismo, se le informa que FLAME ANALYTICS, S.L. (en adelante, \u00abFLAME\u00ab) ha designado un representante para asuntos relacionados con la protecci\u00f3n de datos personales, con el que puede ponerse en contacto para ejercer sus derechos en la direcci\u00f3n de correo electr\u00f3nico privacy@flameanalytics.com. Finalidad del tratamiento Para poder acceder al servicio, el usuario debe aceptar todas las finalidades para las que fue creado ya que los beneficios derivados de las mismas ayudan al establecimiento desde el que te has conectado al servicio a sufragar los gastos derivados del servicio de acceso a la red WiFi Para utilizar este servicio de acceso WiFi, es necesario recoger informaci\u00f3n personal de contacto que se solicita en el formulario de registro y a trav\u00e9s de las redes sociales. Por lo tanto, le informamos que al enviar los datos anteriormente mencionados, es CONSCIENTE y ACEPTA que FLAME recopile y trate sus datos personales, direcci\u00f3n MAC y los datos de posicionamiento y flujo circulatorio generados por sus dispositivos m\u00f3viles derivados de sus movimientos dentro del recinto. La recogida de estos datos es necesaria para los siguientes fines: Para estudios estad\u00edsticos realizados por FLAME y el establecimiento desde el que se ha conectado al servicio. Para el env\u00edo por correo electr\u00f3nico del bolet\u00edn de noticias del establecimiento desde el que se haya conectado al servicio, as\u00ed como para el env\u00edo de comunicaciones comerciales por correo electr\u00f3nico, fax, SMS, MMS, redes sociales o cualesquiera otros medios electr\u00f3nicos o f\u00edsicos, presentes o futuros, que posibiliten realizar comunicaciones comerciales. Estas comunicaciones comerciales pueden ser relacionadas con productos o servicios ofrecidos por el establecimiento desde donde se efectu\u00f3 la conexi\u00f3n al servicio, o con comunicaciones comerciales y servicios ofrecidos por los colaboradores o socios con los que el establecimiento donde se efectu\u00f3 la conexi\u00f3n al servicio llegue a un acuerdo de promoci\u00f3n comercial entre sus clientes de las ofertas y servicios ofrecidos por dichos colaboradores o socios. El USUARIO podr\u00e1 darse de baja del env\u00edo de comunicaciones comerciales a trav\u00e9s de la opci\u00f3n prevista en cada una de las comunicaciones que se le dirijan haciendo clic en el apartado darse de baja de la recepci\u00f3n de todos los correos electr\u00f3nicos enviados por el establecimiento desde el que el usuario se haya conectado al servicio. La baja de las comunicaciones conlleva autom\u00e1ticamente la cancelaci\u00f3n del SERVICIO ya que el tratamiento de los datos con fines comerciales se considera una remuneraci\u00f3n por el servicio prestado. Conservaremos sus datos personales durante tres a\u00f1os o hasta que el usuario solicite su supresi\u00f3n. Legitimaci\u00f3n para el tratamiento El servicio de Internet WiFi permite al usuario disponer de conexi\u00f3n gratuita a Internet. Para utilizarla, el usuario debe facilitar voluntariamente la informaci\u00f3n, o iniciar sesi\u00f3n a trav\u00e9s de una red social, y aceptar expl\u00edcitamente los fines del tratamiento y las presentes condiciones. La no presentaci\u00f3n de la informaci\u00f3n solicitada o la no aceptaci\u00f3n expl\u00edcita de estas condiciones tendr\u00e1 como consecuencia la imposibilidad de prestarle el servicio de Internet WiFi. Destinatarios de los datos Los datos personales se transmitir\u00e1n al establecimiento en el que se haya conectado al servicio y s\u00f3lo se utilizar\u00e1n para los fines descritos en la secci\u00f3n 2. Derechos del interesado Cualquier usuario tiene derecho a obtener confirmaci\u00f3n sobre si en FLAME estamos tratando sus datos personales. El usuario tiene derecho a acceder a los datos personales que le conciernan y a solicitar la rectificaci\u00f3n de los datos inexactos o, en su caso, solicitar su supresi\u00f3n cuando, entre otros motivos, los datos ya no sean necesarios para los fines que fueron recogidos. En determinadas circunstancias, el usuario podr\u00e1 solicitar la limitaci\u00f3n del tratamiento de sus datos, en cuyo caso \u00e9stos s\u00f3lo se conservar\u00e1n para el reconocimiento, ejercicio o defensa de reclamaciones judiciales. Asimismo, por motivos relacionados con su situaci\u00f3n particular, el interesado podr\u00e1 oponerse al tratamiento de sus datos personales. En este caso, FLAME dejar\u00e1 de tratar los datos, y los suprimir\u00e1, salvo por motivos leg\u00edtimos imperiosos, o el reconocimiento, ejercicio o defensa de reclamaciones legales. Del mismo modo, podr\u00e1 solicitar la portabilidad de sus datos personales, en cuyo caso los datos ser\u00e1n transmitidos desde FLAME al responsable del tratamiento solicitado, siempre que sea t\u00e9cnicamente posible. Para ejercer el derecho a modificar sus datos y\/o cancelar las comunicaciones comerciales se ha habilitado un portal al que puede acceder en la siguiente URL: https:\/\/portal.flameanalytics.com. Para el ejercicio de cualquier otro derecho, el usuario deber\u00e1 enviar una solicitud en la que conste el nombre y apellidos del interesado, copia de su DNI y, en los casos en que se admita, de su representante, junto con los documentos acreditativos de la representaci\u00f3n; la petici\u00f3n en que se concreta la solicitud, domicilio a efectos de notificaciones, fecha y firma del solicitante y los documentos acreditativos de la petici\u00f3n que formula. Toda esta informaci\u00f3n debe enviarse a nuestro representante. El ejercicio de estos derechos ser\u00e1 gratuito, en los t\u00e9rminos establecidos en la normativa aplicable que puede consultarse en este enlace: www.agpd.es. El interesado podr\u00e1 revocar en cualquier momento su consentimiento para las finalidades antes indicadas. Adicionalmente, el interesado tiene derecho a presentar una reclamaci\u00f3n ante la Agencia Espa\u00f1ola de Protecci\u00f3n de Datos (AEPD) a trav\u00e9s del servicio de denuncias de la AEPD; especialmente si no ha obtenido satisfacci\u00f3n en el ejercicio de sus derechos. Pol\u00edtica de cookies Cookies de sesi\u00f3n:<\/p>\n","protected":false},"author":3,"featured_media":0,"parent":0,"menu_order":0,"comment_status":"closed","ping_status":"closed","template":"","meta":{"_acf_changed":false,"footnotes":""},"class_list":["post-49953","page","type-page","status-publish","hentry"],"acf":[],"_links":{"self":[{"href":"https:\/\/flameanalytics.com\/es\/wp-json\/wp\/v2\/pages\/49953","targetHints":{"allow":["GET"]}}],"collection":[{"href":"https:\/\/flameanalytics.com\/es\/wp-json\/wp\/v2\/pages"}],"about":[{"href":"https:\/\/flameanalytics.com\/es\/wp-json\/wp\/v2\/types\/page"}],"author":[{"embeddable":true,"href":"https:\/\/flameanalytics.com\/es\/wp-json\/wp\/v2\/users\/3"}],"replies":[{"embeddable":true,"href":"https:\/\/flameanalytics.com\/es\/wp-json\/wp\/v2\/comments?post=49953"}],"version-history":[{"count":1,"href":"https:\/\/flameanalytics.com\/es\/wp-json\/wp\/v2\/pages\/49953\/revisions"}],"predecessor-version":[{"id":79806,"href":"https:\/\/flameanalytics.com\/es\/wp-json\/wp\/v2\/pages\/49953\/revisions\/79806"}],"wp:attachment":[{"href":"https:\/\/flameanalytics.com\/es\/wp-json\/wp\/v2\/media?parent=49953"}],"curies":[{"name":"wp","href":"https:\/\/api.w.org\/{rel}","templated":true}]}}