{"id":49902,"date":"2023-11-20T10:52:29","date_gmt":"2023-11-20T09:52:29","guid":{"rendered":"https:\/\/flameanalytics.com\/politica-de-privacidad\/"},"modified":"2023-11-21T10:36:49","modified_gmt":"2023-11-21T09:36:49","slug":"politica-de-privacidad","status":"publish","type":"page","link":"https:\/\/flameanalytics.com\/es\/politica-de-privacidad\/","title":{"rendered":"Pol\u00edtica de privacidad"},"content":{"rendered":"\t\t<div data-elementor-type=\"wp-page\" data-elementor-id=\"49902\" class=\"elementor elementor-49902 elementor-47833\" data-elementor-post-type=\"page\">\n\t\t\t\t\t\t<section class=\"elementor-section elementor-top-section elementor-element elementor-element-037825a elementor-section-boxed elementor-section-height-default elementor-section-height-default wpr-particle-no wpr-jarallax-no wpr-parallax-no wpr-sticky-section-no\" data-id=\"037825a\" data-element_type=\"section\" data-e-type=\"section\" data-settings=\"{&quot;background_background&quot;:&quot;classic&quot;}\">\n\t\t\t\t\t\t<div class=\"elementor-container elementor-column-gap-default\">\n\t\t\t\t\t<div class=\"elementor-column elementor-col-100 elementor-top-column elementor-element elementor-element-1dc428e\" data-id=\"1dc428e\" data-element_type=\"column\" data-e-type=\"column\">\n\t\t\t<div class=\"elementor-widget-wrap elementor-element-populated\">\n\t\t\t\t\t\t<div class=\"elementor-element elementor-element-773ac8d elementor-align-left elementor-widget elementor-widget-breadcrumbs\" data-id=\"773ac8d\" data-element_type=\"widget\" data-e-type=\"widget\" data-widget_type=\"breadcrumbs.default\">\n\t\t\t\t<div class=\"elementor-widget-container\">\n\t\t\t\t\t<nav aria-label=\"breadcrumbs\" class=\"rank-math-breadcrumb\"><p><span class=\"last\">Home<\/span><\/p><\/nav>\t\t\t\t<\/div>\n\t\t\t\t<\/div>\n\t\t\t\t\t<\/div>\n\t\t<\/div>\n\t\t\t\t\t<\/div>\n\t\t<\/section>\n\t\t<div class=\"elementor-element elementor-element-8a2de17 e-flex e-con-boxed wpr-particle-no wpr-jarallax-no wpr-parallax-no wpr-sticky-section-no e-con e-parent\" data-id=\"8a2de17\" data-element_type=\"container\" data-e-type=\"container\" data-settings=\"{&quot;background_background&quot;:&quot;gradient&quot;}\">\n\t\t\t\t\t<div class=\"e-con-inner\">\n\t\t\t\t<div class=\"elementor-element elementor-element-d191c6f texto-legal elementor-widget elementor-widget-text-editor\" data-id=\"d191c6f\" data-element_type=\"widget\" data-e-type=\"widget\" data-widget_type=\"text-editor.default\">\n\t\t\t\t<div class=\"elementor-widget-container\">\n\t\t\t\t\t\t\t\t\t<p>En cumplimiento de lo dispuesto en el Reglamento General de Protecci\u00f3n de Datos vigente en la Uni\u00f3n Europea, el titular de este consentimiento autoriza a Flame analytics, S.L. a tratar sus datos personales, y otorga esta autorizaci\u00f3n de manera expresa, libre, inequ\u00edvoca e informada.<\/p>\n<p>De la misma manera, el titular de este consentimiento ha sido informado de los siguientes datos:<\/p>\n<\/p>\n<p><strong>RESPONSABLE DEL TRATAMIENTO<\/strong>. El responsable del tratamiento es Flame analytics S.L., con domicilio en Estadio de El Molin\u00f3n 100, Espacio Tecnol\u00f3gico El Molin\u00f3n, 33203 \u2013 Gij\u00f3n \u2013 Asturias.<\/p>\n<p>Email: <a href=\"mailto:privacy@flameanalytics.com\">privacy@flameanalytics.com<\/a><\/p>\n<\/p>\n<p><strong>FINALIDAD<\/strong> Los datos ser\u00e1n utilizados para:<\/p>\n<p>\u2013 Gestionar la solicitud de la informaci\u00f3n requerida<\/p>\n<p>\u2013 Mantenerle informado sobre la actividad de Flame analytics (enviarle comunicaciones de nuestros productos, servicios, novedades y actividades, inclusive por medios electr\u00f3nicos, si marca la casilla de aceptaci\u00f3n).<\/p>\n<\/p>\n<p><strong>PLAZO DE CONSERVACI\u00d3N<\/strong>. Los datos personales proporcionados se conservar\u00e1n durante un plazo de cinco a\u00f1os a partir de la \u00faltima confirmaci\u00f3n de su inter\u00e9s, salvo que se solicite su supresi\u00f3n por el interesado.<\/p>\n<p>Una vez resuelta su solicitud de informaci\u00f3n por medio de nuestro formulario o contestada por correo electr\u00f3nico, si no ha generado un nuevo tratamiento, los datos personales proporcionados se conservar\u00e1n desde ese momento y durante los plazos previstos en las leyes para el cumplimiento de obligaciones legales y para la atenci\u00f3n y defensa de las posibles responsabilidades nacidas del tratamiento.<\/p>\n<p>Y en caso de haber aceptado recibir env\u00edos comerciales (mantenerle informado sobre la actividad), dichos datos ser\u00e1n conservados mientras dure la prestaci\u00f3n del servicio solicitado, hasta que solicite la baja de los mismos. Y una vez finalice nuestra relaci\u00f3n, durante los plazos previstos en las leyes para el cumplimiento de obligaciones legales y para la atenci\u00f3n y defensa de las posibles responsabilidades nacidas del tratamiento.<\/p>\n<\/p>\n<p><strong>LEGITIMACI\u00d3N<\/strong>. La base jur\u00eddica del tratamiento tiene su fundamento en el consentimiento que usted como usuario presta al solicitarnos informaci\u00f3n a trav\u00e9s de nuestro formulario de contactos y al marcar la casilla de aceptaci\u00f3n de env\u00edo de informaci\u00f3n.<\/p>\n<\/p>\n<p><strong>DESTINATARIOS<\/strong>. No est\u00e1 prevista la cesi\u00f3n de los datos personales a terceros, con excepci\u00f3n de la informaci\u00f3n expresamente recogida por Ley.<\/p>\n<\/p>\n<p><strong>DERECHOS<\/strong>. El interesado podr\u00e1 ejercitar los derechos en relaci\u00f3n a sus datos personales que le concede el RGPD. Derechos de acceso, rectificaci\u00f3n, supresi\u00f3n, a la limitaci\u00f3n del tratamiento, a la portabilidad de los datos y a la oposici\u00f3n. El ejercicio de dichos derechos podr\u00e1 ejercitarlo dirigi\u00e9ndose por escrito al responsable del tratamiento. Asimismo, tiene derecho a retirar el consentimiento prestado y a reclamar ante la Agencia espa\u00f1ola de Protecci\u00f3n de Datos, en su condici\u00f3n de Autoridad de Control. Si necesita ayuda para formalizar dicha solicitud, le facilitaremos un formulario a tal efecto.<\/p>\n<\/p>\n<p><strong>PROCEDENCIA<\/strong>. Los datos recogidos son facilitados por el interesado a trav\u00e9s del formulario de contacto.<\/p>\n<\/p>\n<p><strong>INFORMACI\u00d3N<\/strong>. Todos los datos ser\u00e1n tratados conforme a esta pol\u00edtica privacidad. Si no estuvieras de acuerdo con la misma, por favor, no nos env\u00edes tus datos. Recuerda que puede ponerse en contacto con nosotros a trav\u00e9s del correo electr\u00f3nico privacy@flameanalytics.com o visitarnos en nuestras instalaciones, para recibir informaci\u00f3n al respecto sin necesidad de remitirnos datos personales. Cuando nos env\u00edas tus datos personales a trav\u00e9s del formulario de contacto, es necesario que previamente aceptes esta pol\u00edtica de privacidad y para ello, deber\u00e1s marcar la casilla del checkbox \u201cConfirmo haber le\u00eddo la Pol\u00edtica de Privacidad y acepto el env\u00edo de comunicaciones comerciales\u201d. Nuestro sistema no te permitir\u00e1 enviar el formulario, sino aceptas la pol\u00edtica previamente.<\/p>\n<p>Cuando rellenas nuestro formulario de contacto web, nos est\u00e1s enviando tu nombre, tel\u00e9fono y correo electr\u00f3nico, datos personales sometidos a la legislaci\u00f3n vigente. Por ello, nos autorizas de manera expresa a la recogida y tratamiento de los mismos, bajo las condiciones que est\u00e1s leyendo. Esta informaci\u00f3n ser\u00e1 empleada exclusivamente para gestionar las finalidades recogidas en este consentimiento.<\/p>\n<p>Los usuarios responder\u00e1n, en cualquier caso, de la veracidad de los datos facilitados y se hacen responsables de comunicar cualquier modificaci\u00f3n en los mismos, quedando Flame analytics, S.L. exenta de cualquier tipo de responsabilidad a este respecto.<\/p>\n<p>Se advierte al Usuario que, salvo la existencia de una representaci\u00f3n legalmente constituida, ning\u00fan Usuario puede utilizar la identidad de otra persona y comunicar sus datos personales, por lo que el Usuario en todo momento deber\u00e1 tener en cuenta que, solo puede incluir datos personales correspondientes a su propia identidad y que sean adecuados, pertinentes, actuales, exactos y verdaderos. A tales efectos, el Usuario ser\u00e1 el \u00fanico responsable frente a cualquier da\u00f1o, directo y\/o indirecto que cause a terceros o a Flame analytics, S.L. por el uso de datos personales de otra persona, o sus propios datos personales cuando sean falsos, err\u00f3neos, no actuales, inadecuados o impertinentes. Igualmente, el Usuario que utilice los datos personales de un tercero, responder\u00e1 ante \u00e9ste de la obligaci\u00f3n de informaci\u00f3n establecida en el art\u00edculo 5.4 de la LOPD para cuando los datos de car\u00e1cter personal no hayan sido recabados del propio interesado y\/o de las consecuencias de no haberle informado.<\/p>\n<p>Queda prohibido su uso por personas menores de 18 a\u00f1os, en el supuesto de que el usuario sea menor de edad, \u00e9ste s\u00f3lo podr\u00e1 aportar sus datos personales en los formularios de recogida de los mismos, con el previo consentimiento de los padres o tutores, enviando el formulario correspondiente debidamente firmado por los padres o tutores por correo certificado y con copia del DNI del padre o tutor firmante a la siguiente direcci\u00f3n: privacy@flameanalytics.com<\/p>\n<p>Flame analytics, S.L. no responde de aquellos datos de menores que sin poder conocer este hecho se hayan facilitado sin el consentimiento de los padres o tutores, por lo que no se hace responsable de sus acciones, siendo en todo momento el propio menor, sus padres o tutores quienes se har\u00e1n cargo de las consecuencias legales y los gastos que de ello se pudieran derivar.<\/p>\n<p>Si alguna informaci\u00f3n provista por el Usuario resultara falsa o inexacta, Flame analytics, S.L. se reserva el derecho de cancelar la suscripci\u00f3n del Usuario y dar por terminados los derechos del Usuario a utilizar el Servicio.<\/p>\n<p>Estos datos personales ser\u00e1n incorporados en un registro titularidad de Flame analytics S.L., que mantenemos en el Registro General de Protecci\u00f3n de Datos. Los datos personales, se tratar\u00e1n principalmente en soporte automatizado, sometidos a controles y medidas de seguridad adecuadas, que evitar\u00e1n en la medida de lo posible, los accesos indebidos, p\u00e9rdidas de informaci\u00f3n o corrupci\u00f3n de los datos.<\/p>\n<p>Disponemos de servidores con capacidad suficiente para mantener estos datos con plenas garant\u00edas de seguridad, integridad y disponibilidad. Como titular de los datos puedes ejercer tus derechos dirigi\u00e9ndote a la direcci\u00f3n de correo electr\u00f3nico privacy@flameanalytics.com, indicando en el asunto el derecho que quieres ejercer.<\/p>\n<p>Cuando se env\u00eden comunicaciones comerciales a los usuarios de nuestra web que hayan remitido el formulario de contacto, se establecer\u00e1 en la comunicaci\u00f3n, las indicaciones claras de c\u00f3mo proceder a revocar este consentimiento. Todos los env\u00edos de car\u00e1cter comercial o publicitario, podr\u00e1n ser cancelados por los usuarios en todo momento y siempre con un procedimiento sencillo y gratuito, mediante correo electr\u00f3nico solicitando baja o mediante el uso de un enlace de cancelaci\u00f3n. Por favor, no dudes en consultarnos este tema en cualquier momento o acceder a esta pol\u00edtica de privacidad nuevamente, en nuestra p\u00e1gina web.<\/p>\n\t\t\t\t\t\t\t\t<\/div>\n\t\t\t\t<\/div>\n\t\t\t\t\t<\/div>\n\t\t\t\t<\/div>\n\t\t\t\t<\/div>\n\t\t","protected":false},"excerpt":{"rendered":"<p>Home En cumplimiento de lo dispuesto en el Reglamento General de Protecci\u00f3n de Datos vigente en la Uni\u00f3n Europea, el titular de este consentimiento autoriza a Flame analytics, S.L. a tratar sus datos personales, y otorga esta autorizaci\u00f3n de manera expresa, libre, inequ\u00edvoca e informada. De la misma manera, el titular de este consentimiento ha sido informado de los siguientes datos: RESPONSABLE DEL TRATAMIENTO. El responsable del tratamiento es Flame analytics S.L., con domicilio en Estadio de El Molin\u00f3n 100, Espacio Tecnol\u00f3gico El Molin\u00f3n, 33203 \u2013 Gij\u00f3n \u2013 Asturias. Email: privacy@flameanalytics.com FINALIDAD Los datos ser\u00e1n utilizados para: \u2013 Gestionar la solicitud de la informaci\u00f3n requerida \u2013 Mantenerle informado sobre la actividad de Flame analytics (enviarle comunicaciones de nuestros productos, servicios, novedades y actividades, inclusive por medios electr\u00f3nicos, si marca la casilla de aceptaci\u00f3n). PLAZO DE CONSERVACI\u00d3N. Los datos personales proporcionados se conservar\u00e1n durante un plazo de cinco a\u00f1os a partir de la \u00faltima confirmaci\u00f3n de su inter\u00e9s, salvo que se solicite su supresi\u00f3n por el interesado. Una vez resuelta su solicitud de informaci\u00f3n por medio de nuestro formulario o contestada por correo electr\u00f3nico, si no ha generado un nuevo tratamiento, los datos personales proporcionados se conservar\u00e1n desde ese momento y durante los plazos previstos en las leyes para el cumplimiento de obligaciones legales y para la atenci\u00f3n y defensa de las posibles responsabilidades nacidas del tratamiento. Y en caso de haber aceptado recibir env\u00edos comerciales (mantenerle informado sobre la actividad), dichos datos ser\u00e1n conservados mientras dure la prestaci\u00f3n del servicio solicitado, hasta que solicite la baja de los mismos. Y una vez finalice nuestra relaci\u00f3n, durante los plazos previstos en las leyes para el cumplimiento de obligaciones legales y para la atenci\u00f3n y defensa de las posibles responsabilidades nacidas del tratamiento. LEGITIMACI\u00d3N. La base jur\u00eddica del tratamiento tiene su fundamento en el consentimiento que usted como usuario presta al solicitarnos informaci\u00f3n a trav\u00e9s de nuestro formulario de contactos y al marcar la casilla de aceptaci\u00f3n de env\u00edo de informaci\u00f3n. DESTINATARIOS. No est\u00e1 prevista la cesi\u00f3n de los datos personales a terceros, con excepci\u00f3n de la informaci\u00f3n expresamente recogida por Ley. DERECHOS. El interesado podr\u00e1 ejercitar los derechos en relaci\u00f3n a sus datos personales que le concede el RGPD. Derechos de acceso, rectificaci\u00f3n, supresi\u00f3n, a la limitaci\u00f3n del tratamiento, a la portabilidad de los datos y a la oposici\u00f3n. El ejercicio de dichos derechos podr\u00e1 ejercitarlo dirigi\u00e9ndose por escrito al responsable del tratamiento. Asimismo, tiene derecho a retirar el consentimiento prestado y a reclamar ante la Agencia espa\u00f1ola de Protecci\u00f3n de Datos, en su condici\u00f3n de Autoridad de Control. Si necesita ayuda para formalizar dicha solicitud, le facilitaremos un formulario a tal efecto. PROCEDENCIA. Los datos recogidos son facilitados por el interesado a trav\u00e9s del formulario de contacto. INFORMACI\u00d3N. Todos los datos ser\u00e1n tratados conforme a esta pol\u00edtica privacidad. Si no estuvieras de acuerdo con la misma, por favor, no nos env\u00edes tus datos. Recuerda que puede ponerse en contacto con nosotros a trav\u00e9s del correo electr\u00f3nico privacy@flameanalytics.com o visitarnos en nuestras instalaciones, para recibir informaci\u00f3n al respecto sin necesidad de remitirnos datos personales. Cuando nos env\u00edas tus datos personales a trav\u00e9s del formulario de contacto, es necesario que previamente aceptes esta pol\u00edtica de privacidad y para ello, deber\u00e1s marcar la casilla del checkbox \u201cConfirmo haber le\u00eddo la Pol\u00edtica de Privacidad y acepto el env\u00edo de comunicaciones comerciales\u201d. Nuestro sistema no te permitir\u00e1 enviar el formulario, sino aceptas la pol\u00edtica previamente. Cuando rellenas nuestro formulario de contacto web, nos est\u00e1s enviando tu nombre, tel\u00e9fono y correo electr\u00f3nico, datos personales sometidos a la legislaci\u00f3n vigente. Por ello, nos autorizas de manera expresa a la recogida y tratamiento de los mismos, bajo las condiciones que est\u00e1s leyendo. Esta informaci\u00f3n ser\u00e1 empleada exclusivamente para gestionar las finalidades recogidas en este consentimiento. Los usuarios responder\u00e1n, en cualquier caso, de la veracidad de los datos facilitados y se hacen responsables de comunicar cualquier modificaci\u00f3n en los mismos, quedando Flame analytics, S.L. exenta de cualquier tipo de responsabilidad a este respecto. Se advierte al Usuario que, salvo la existencia de una representaci\u00f3n legalmente constituida, ning\u00fan Usuario puede utilizar la identidad de otra persona y comunicar sus datos personales, por lo que el Usuario en todo momento deber\u00e1 tener en cuenta que, solo puede incluir datos personales correspondientes a su propia identidad y que sean adecuados, pertinentes, actuales, exactos y verdaderos. A tales efectos, el Usuario ser\u00e1 el \u00fanico responsable frente a cualquier da\u00f1o, directo y\/o indirecto que cause a terceros o a Flame analytics, S.L. por el uso de datos personales de otra persona, o sus propios datos personales cuando sean falsos, err\u00f3neos, no actuales, inadecuados o impertinentes. Igualmente, el Usuario que utilice los datos personales de un tercero, responder\u00e1 ante \u00e9ste de la obligaci\u00f3n de informaci\u00f3n establecida en el art\u00edculo 5.4 de la LOPD para cuando los datos de car\u00e1cter personal no hayan sido recabados del propio interesado y\/o de las consecuencias de no haberle informado. Queda prohibido su uso por personas menores de 18 a\u00f1os, en el supuesto de que el usuario sea menor de edad, \u00e9ste s\u00f3lo podr\u00e1 aportar sus datos personales en los formularios de recogida de los mismos, con el previo consentimiento de los padres o tutores, enviando el formulario correspondiente debidamente firmado por los padres o tutores por correo certificado y con copia del DNI del padre o tutor firmante a la siguiente direcci\u00f3n: privacy@flameanalytics.com Flame analytics, S.L. no responde de aquellos datos de menores que sin poder conocer este hecho se hayan facilitado sin el consentimiento de los padres o tutores, por lo que no se hace responsable de sus acciones, siendo en todo momento el propio menor, sus padres o tutores quienes se har\u00e1n cargo de las consecuencias legales y los gastos que de ello se pudieran derivar. Si alguna informaci\u00f3n provista por el Usuario resultara falsa o inexacta, Flame analytics, S.L. se reserva el derecho de cancelar la suscripci\u00f3n del Usuario y dar por terminados los derechos del Usuario a utilizar el Servicio. Estos datos personales ser\u00e1n<\/p>\n","protected":false},"author":3,"featured_media":0,"parent":0,"menu_order":0,"comment_status":"closed","ping_status":"closed","template":"","meta":{"_acf_changed":false,"footnotes":""},"class_list":["post-49902","page","type-page","status-publish","hentry"],"acf":[],"_links":{"self":[{"href":"https:\/\/flameanalytics.com\/es\/wp-json\/wp\/v2\/pages\/49902","targetHints":{"allow":["GET"]}}],"collection":[{"href":"https:\/\/flameanalytics.com\/es\/wp-json\/wp\/v2\/pages"}],"about":[{"href":"https:\/\/flameanalytics.com\/es\/wp-json\/wp\/v2\/types\/page"}],"author":[{"embeddable":true,"href":"https:\/\/flameanalytics.com\/es\/wp-json\/wp\/v2\/users\/3"}],"replies":[{"embeddable":true,"href":"https:\/\/flameanalytics.com\/es\/wp-json\/wp\/v2\/comments?post=49902"}],"version-history":[{"count":0,"href":"https:\/\/flameanalytics.com\/es\/wp-json\/wp\/v2\/pages\/49902\/revisions"}],"wp:attachment":[{"href":"https:\/\/flameanalytics.com\/es\/wp-json\/wp\/v2\/media?parent=49902"}],"curies":[{"name":"wp","href":"https:\/\/api.w.org\/{rel}","templated":true}]}}