{"id":49895,"date":"2023-11-20T10:52:24","date_gmt":"2023-11-20T09:52:24","guid":{"rendered":"https:\/\/flameanalytics.com\/condiciones-de-uso\/"},"modified":"2023-11-23T11:41:50","modified_gmt":"2023-11-23T10:41:50","slug":"condiciones-de-uso","status":"publish","type":"page","link":"https:\/\/flameanalytics.com\/es\/condiciones-de-uso\/","title":{"rendered":"Condiciones de uso"},"content":{"rendered":"\t\t<div data-elementor-type=\"wp-page\" data-elementor-id=\"49895\" class=\"elementor elementor-49895 elementor-49603\" data-elementor-post-type=\"page\">\n\t\t\t\t\t\t<section class=\"elementor-section elementor-top-section elementor-element elementor-element-4edb6e8 elementor-section-boxed elementor-section-height-default elementor-section-height-default wpr-particle-no wpr-jarallax-no wpr-parallax-no wpr-sticky-section-no\" data-id=\"4edb6e8\" data-element_type=\"section\" data-e-type=\"section\" data-settings=\"{&quot;background_background&quot;:&quot;classic&quot;}\">\n\t\t\t\t\t\t<div class=\"elementor-container elementor-column-gap-default\">\n\t\t\t\t\t<div class=\"elementor-column elementor-col-100 elementor-top-column elementor-element elementor-element-3b72587\" data-id=\"3b72587\" data-element_type=\"column\" data-e-type=\"column\">\n\t\t\t<div class=\"elementor-widget-wrap elementor-element-populated\">\n\t\t\t\t\t\t<div class=\"elementor-element elementor-element-4c46087 elementor-align-left elementor-widget elementor-widget-breadcrumbs\" data-id=\"4c46087\" data-element_type=\"widget\" data-e-type=\"widget\" data-widget_type=\"breadcrumbs.default\">\n\t\t\t\t<div class=\"elementor-widget-container\">\n\t\t\t\t\t<nav aria-label=\"breadcrumbs\" class=\"rank-math-breadcrumb\"><p><span class=\"last\">Home<\/span><\/p><\/nav>\t\t\t\t<\/div>\n\t\t\t\t<\/div>\n\t\t\t\t\t<\/div>\n\t\t<\/div>\n\t\t\t\t\t<\/div>\n\t\t<\/section>\n\t\t<div class=\"elementor-element elementor-element-318aef9 e-flex e-con-boxed wpr-particle-no wpr-jarallax-no wpr-parallax-no wpr-sticky-section-no e-con e-parent\" data-id=\"318aef9\" data-element_type=\"container\" data-e-type=\"container\" data-settings=\"{&quot;background_background&quot;:&quot;gradient&quot;}\">\n\t\t\t\t\t<div class=\"e-con-inner\">\n\t\t\t\t<div class=\"elementor-element elementor-element-4e2d204 texto-legal elementor-widget elementor-widget-text-editor\" data-id=\"4e2d204\" data-element_type=\"widget\" data-e-type=\"widget\" data-widget_type=\"text-editor.default\">\n\t\t\t\t<div class=\"elementor-widget-container\">\n\t\t\t\t\t\t\t\t\t<h2>Condiciones generales<\/h2>\n<p>Las presentes condiciones de uso de los servicios de acceso WiFi tienen como finalidad regular su utilizaci\u00f3n y determinar las condiciones de acceso a los contenidos y servicios que, a trav\u00e9s de Internet, se ponen a disposici\u00f3n del usuario. El acceso v\u00eda WiFi tiene car\u00e1cter gratuito para los usuarios, se ofrece dentro del establecimiento. Por lo tanto, su uso est\u00e1 sujeto a los t\u00e9rminos y condiciones establecidos en este documento.<\/p>\n<p>La duraci\u00f3n del servicio se limita al tiempo en el que el usuario se mantenga conectado a los servicios de WiFi.<\/p>\n<p>El usuario es responsable de proveer su propio dispositivo para acceder a Internet El establecimiento no suministra directamente ning\u00fan tipo de asistencia t\u00e9cnica o tecnol\u00f3gica, ni fuente de alimentaci\u00f3n.<\/p>\n<p>El usuario, al acceder al Portal y usar el acceso WiFi, acepta expresamente las presentes condiciones.<\/p>\n<p>El establecimiento dispone de un ancho de banda para el acceso a Internet limitado, por lo cual, la velocidad de acceso y fiabilidad del servicio puede variar o incluso imposibilitar el acceso a Internet dependiendo de numerosos factores ajenos al establecimiento, citando a t\u00edtulo enunciativo, pero no limitativo:<\/p>\n<ul>\n<li>Las capacidades de su aparato o dispositivo con conexi\u00f3n WiFi.<\/li>\n<li>La calidad de la propia se\u00f1al WiFi dependiendo de la localizaci\u00f3n desde la que se desee conectar.<\/li>\n<li>La cantidad de usuarios conectados simult\u00e1neamente.<\/li>\n<li>Etc.<\/li>\n<\/ul>\n<p>Por este motivo, y dado que el acceso WiFi se realiza a trav\u00e9s de una infraestructura de red compartida, no se le garantiza el acceso a Internet en todo momento, ni de forma continua, segura o libre de fallos. Asimismo, <b>FLAME<\/b> y el establecimiento desde el que se ha conectado al servicio no se responsabilizan si el acceso es inestable, inseguro, lento o indisponible. El establecimiento declina cualquier responsabilidad que de todo ello pudiera derivarse.<\/p>\n<p>Por la presente el usuario declara ser mayor de trece a\u00f1os.<\/p>\n<p>Los menores de esa edad, para acceder y usar los servicios WiFi, necesitan obligatoriamente autorizaci\u00f3n de sus padres y\/o representantes legales. El establecimiento informa a los padres y\/o representantes legales del menor que se facilita un acceso libre y transparente a Internet, lo cual permite el acceso a contenidos o servicios que pueden no ser apropiados, o que pueden estar prohibidos para los menores. Se recuerda a los padres y\/o representantes legales de los menores que es de su exclusiva y \u00fanica responsabilidad el controlar y decidir los contenidos o servicios adecuados para los menores a su cargo.<\/p>\n<h2>Obligaciones del usuario<\/h2>\n<p>El usuario se compromete a utilizar el servicio de acceso WiFi de forma diligente y correcta, y se compromete a no utilizarlo para la realizaci\u00f3n de actividades contrarias a la ley, a la moral, a las buenas costumbres aceptadas y\/o con fines o efectos il\u00edcitos, prohibidos o lesivos de derechos e intereses de terceros; as\u00ed como a no realizar ning\u00fan tipo de uso que de cualquier forma pueda da\u00f1ar, inutilizar, sobrecargar, deteriorar o impedir la normal utilizaci\u00f3n del servicio, los documentos, archivos y toda clase de contenidos almacenados en cualquier equipo inform\u00e1tico accesible a trav\u00e9s de Internet. <strong>FLAME<\/strong> y el establecimiento desde el que se ha conectado al servicio declinan cualquier responsabilidad que de todo ello pudiera derivarse, con toda la extensi\u00f3n que permita el ordenamiento jur\u00eddico.<\/p>\n<p>El tr\u00e1fico soportado en este acceso de Internet es: navegaci\u00f3n web, correo entrante y correo saliente. Otro tr\u00e1fico derivado del uso de software o servicios con prestaciones adicionales, est\u00e1 limitado a la capacidad del servicio en cada momento, o podr\u00eda no funcionar (video streaming, juegos online, etc.). El tr\u00e1fico P2P no est\u00e1 permitido. Con car\u00e1cter enunciativo, pero no limitativo, no se permite intercambiar contenidos que incluyan:<\/p>\n<ul>\n<li>Material que infrinja derechos de autor no debidamente autorizados, o que infrinja cualquier otro derecho de Propiedad Intelectual o Industrial.<\/li>\n<li>Material ofensivo para la comunidad y la moral p\u00fablica.<\/li>\n<li>Material que realice apolog\u00eda del terrorismo, racismo, u otras conductas ilegales.<\/li>\n<li>Material pornogr\u00e1fico, especialmente el que atente contra menores.<\/li>\n<li>Materiales amenazadores, difamatorios o que inciten a la violencia.<\/li>\n<li>Contenidos ilegales o il\u00edcitos de cualquier naturaleza.<\/li>\n<\/ul>\n<p>Asimismo, igualmente a t\u00edtulo enunciativo, pero no limitativo, el usuario se compromete a no utilizar, transmitir o difundir:<\/p>\n<ul>\n<li>Lenguaje difamatorio, amenazante o que sea contrario al derecho al honor, a la intimidad personal o familiar, o la propia imagen de las personas f\u00edsicas y jur\u00eddicas.<\/li>\n<li>Acceder ilegalmente o sin autorizaci\u00f3n a sistemas o redes que pertenezcan a otra persona, tratar de superar medidas de seguridad del sistema de otra persona (\u201chacking\u201d), o realizar cualquier actividad que pueda ser usada como causante de un ataque a un sistema (escaneo de puertos, etc.).<\/li>\n<li>Distribuci\u00f3n de virus, gusanos, troyanos a trav\u00e9s de Internet, o cualquier otra actividad destructiva.<\/li>\n<li>Distribuir informaci\u00f3n acerca de creaci\u00f3n o transmisi\u00f3n de virus por Internet, gusanos, troyanos, saturaci\u00f3n, mailbombing o ataques de denegaci\u00f3n de servicio.<\/li>\n<li>Creaci\u00f3n o gesti\u00f3n de botnets.<\/li>\n<li>Actividades que interrumpan o interfieran en el uso efectivo de los recursos de red de otras personas o la realizaci\u00f3n de spamming.<\/li>\n<li>Realizar un uso fraudulento de la direcci\u00f3n IP proporcionada en cada acceso.<\/li>\n<li>Cualquier otra forma que sea contraria, menosprecie o atente contra los Derechos Fundamentales y las libertades p\u00fablicas reconocidas en la Constituci\u00f3n y en los Tratados Internacionales.<\/li>\n<\/ul>\n<p><b>FLAME<\/b> y el establecimiento desde el que se ha conectado al servicio se reservan el derecho a suspender y\/o bloquear el servicio de forma inmediata, y sin previo aviso, en caso de detectar usos del servicio incumpliendo lo dispuesto en esta cl\u00e1usula.<\/p>\n<h2>Responsabilidades<\/h2>\n<p>El usuario acepta y comprende que el acceso y uso del Portal WiFi de acceso a Internet es bajo su propia responsabilidad. <strong>FLAME<\/strong> y el establecimiento desde el que se ha conectado al servicio no asumen responsabilidad alguna respecto a los usos que haga de este servicio, ni de los datos o informaciones transferidas desde Internet. Asimismo, se excluye cualquier tipo de garant\u00eda o responsabilidad por la utilizaci\u00f3n del Portal, de los servicios y los contenidos.<\/p>\n<p>\u00danicamente, a t\u00edtulo enunciativo pero no limitativo, la exoneraci\u00f3n de responsabilidad comprende cualesquiera responsabilidades derivadas de: la informaci\u00f3n transmitida por los usuarios a trav\u00e9s del canal suministrado por este servicio de acceso, los da\u00f1os y perjuicios de toda naturaleza que pudieran deberse al uso indebido de este servicio, la realizaci\u00f3n por parte de los usuarios de accesos no autorizados a sitios protegidos de Internet utilizando cualquier t\u00e9cnica de hacking, cracking, etc., los da\u00f1os y perjuicios de cualquier naturaleza que puedan deberse al conocimiento que puedan tener los terceros del uso de Internet que pueda hacer el usuario o que pueda deberse al acceso y, en su caso, a la interceptaci\u00f3n, eliminaci\u00f3n, alteraci\u00f3n, modificaci\u00f3n o manipulaci\u00f3n de cualquier modo de los contenidos y comunicaciones de toda clase que los usuarios transmitan, difundan, almacenen, pongan a disposici\u00f3n, reciban, obtengan o accedan a trav\u00e9s del servicio.<\/p>\n\t\t\t\t\t\t\t\t<\/div>\n\t\t\t\t<\/div>\n\t\t\t\t\t<\/div>\n\t\t\t\t<\/div>\n\t\t\t\t<\/div>\n\t\t","protected":false},"excerpt":{"rendered":"<p>Home Condiciones generales Las presentes condiciones de uso de los servicios de acceso WiFi tienen como finalidad regular su utilizaci\u00f3n y determinar las condiciones de acceso a los contenidos y servicios que, a trav\u00e9s de Internet, se ponen a disposici\u00f3n del usuario. El acceso v\u00eda WiFi tiene car\u00e1cter gratuito para los usuarios, se ofrece dentro del establecimiento. Por lo tanto, su uso est\u00e1 sujeto a los t\u00e9rminos y condiciones establecidos en este documento. La duraci\u00f3n del servicio se limita al tiempo en el que el usuario se mantenga conectado a los servicios de WiFi. El usuario es responsable de proveer su propio dispositivo para acceder a Internet El establecimiento no suministra directamente ning\u00fan tipo de asistencia t\u00e9cnica o tecnol\u00f3gica, ni fuente de alimentaci\u00f3n. El usuario, al acceder al Portal y usar el acceso WiFi, acepta expresamente las presentes condiciones. El establecimiento dispone de un ancho de banda para el acceso a Internet limitado, por lo cual, la velocidad de acceso y fiabilidad del servicio puede variar o incluso imposibilitar el acceso a Internet dependiendo de numerosos factores ajenos al establecimiento, citando a t\u00edtulo enunciativo, pero no limitativo: Las capacidades de su aparato o dispositivo con conexi\u00f3n WiFi. La calidad de la propia se\u00f1al WiFi dependiendo de la localizaci\u00f3n desde la que se desee conectar. La cantidad de usuarios conectados simult\u00e1neamente. Etc. Por este motivo, y dado que el acceso WiFi se realiza a trav\u00e9s de una infraestructura de red compartida, no se le garantiza el acceso a Internet en todo momento, ni de forma continua, segura o libre de fallos. Asimismo, FLAME y el establecimiento desde el que se ha conectado al servicio no se responsabilizan si el acceso es inestable, inseguro, lento o indisponible. El establecimiento declina cualquier responsabilidad que de todo ello pudiera derivarse. Por la presente el usuario declara ser mayor de trece a\u00f1os. Los menores de esa edad, para acceder y usar los servicios WiFi, necesitan obligatoriamente autorizaci\u00f3n de sus padres y\/o representantes legales. El establecimiento informa a los padres y\/o representantes legales del menor que se facilita un acceso libre y transparente a Internet, lo cual permite el acceso a contenidos o servicios que pueden no ser apropiados, o que pueden estar prohibidos para los menores. Se recuerda a los padres y\/o representantes legales de los menores que es de su exclusiva y \u00fanica responsabilidad el controlar y decidir los contenidos o servicios adecuados para los menores a su cargo. Obligaciones del usuario El usuario se compromete a utilizar el servicio de acceso WiFi de forma diligente y correcta, y se compromete a no utilizarlo para la realizaci\u00f3n de actividades contrarias a la ley, a la moral, a las buenas costumbres aceptadas y\/o con fines o efectos il\u00edcitos, prohibidos o lesivos de derechos e intereses de terceros; as\u00ed como a no realizar ning\u00fan tipo de uso que de cualquier forma pueda da\u00f1ar, inutilizar, sobrecargar, deteriorar o impedir la normal utilizaci\u00f3n del servicio, los documentos, archivos y toda clase de contenidos almacenados en cualquier equipo inform\u00e1tico accesible a trav\u00e9s de Internet. FLAME y el establecimiento desde el que se ha conectado al servicio declinan cualquier responsabilidad que de todo ello pudiera derivarse, con toda la extensi\u00f3n que permita el ordenamiento jur\u00eddico. El tr\u00e1fico soportado en este acceso de Internet es: navegaci\u00f3n web, correo entrante y correo saliente. Otro tr\u00e1fico derivado del uso de software o servicios con prestaciones adicionales, est\u00e1 limitado a la capacidad del servicio en cada momento, o podr\u00eda no funcionar (video streaming, juegos online, etc.). El tr\u00e1fico P2P no est\u00e1 permitido. Con car\u00e1cter enunciativo, pero no limitativo, no se permite intercambiar contenidos que incluyan: Material que infrinja derechos de autor no debidamente autorizados, o que infrinja cualquier otro derecho de Propiedad Intelectual o Industrial. Material ofensivo para la comunidad y la moral p\u00fablica. Material que realice apolog\u00eda del terrorismo, racismo, u otras conductas ilegales. Material pornogr\u00e1fico, especialmente el que atente contra menores. Materiales amenazadores, difamatorios o que inciten a la violencia. Contenidos ilegales o il\u00edcitos de cualquier naturaleza. Asimismo, igualmente a t\u00edtulo enunciativo, pero no limitativo, el usuario se compromete a no utilizar, transmitir o difundir: Lenguaje difamatorio, amenazante o que sea contrario al derecho al honor, a la intimidad personal o familiar, o la propia imagen de las personas f\u00edsicas y jur\u00eddicas. Acceder ilegalmente o sin autorizaci\u00f3n a sistemas o redes que pertenezcan a otra persona, tratar de superar medidas de seguridad del sistema de otra persona (\u201chacking\u201d), o realizar cualquier actividad que pueda ser usada como causante de un ataque a un sistema (escaneo de puertos, etc.). Distribuci\u00f3n de virus, gusanos, troyanos a trav\u00e9s de Internet, o cualquier otra actividad destructiva. Distribuir informaci\u00f3n acerca de creaci\u00f3n o transmisi\u00f3n de virus por Internet, gusanos, troyanos, saturaci\u00f3n, mailbombing o ataques de denegaci\u00f3n de servicio. Creaci\u00f3n o gesti\u00f3n de botnets. Actividades que interrumpan o interfieran en el uso efectivo de los recursos de red de otras personas o la realizaci\u00f3n de spamming. Realizar un uso fraudulento de la direcci\u00f3n IP proporcionada en cada acceso. Cualquier otra forma que sea contraria, menosprecie o atente contra los Derechos Fundamentales y las libertades p\u00fablicas reconocidas en la Constituci\u00f3n y en los Tratados Internacionales. FLAME y el establecimiento desde el que se ha conectado al servicio se reservan el derecho a suspender y\/o bloquear el servicio de forma inmediata, y sin previo aviso, en caso de detectar usos del servicio incumpliendo lo dispuesto en esta cl\u00e1usula. Responsabilidades El usuario acepta y comprende que el acceso y uso del Portal WiFi de acceso a Internet es bajo su propia responsabilidad. FLAME y el establecimiento desde el que se ha conectado al servicio no asumen responsabilidad alguna respecto a los usos que haga de este servicio, ni de los datos o informaciones transferidas desde Internet. Asimismo, se excluye cualquier tipo de garant\u00eda o responsabilidad por la utilizaci\u00f3n del Portal, de los servicios y los contenidos. \u00danicamente, a t\u00edtulo enunciativo pero no limitativo, la exoneraci\u00f3n de responsabilidad comprende cualesquiera responsabilidades derivadas de: la informaci\u00f3n transmitida por los usuarios a trav\u00e9s<\/p>\n","protected":false},"author":3,"featured_media":0,"parent":0,"menu_order":0,"comment_status":"closed","ping_status":"closed","template":"","meta":{"_acf_changed":false,"footnotes":""},"class_list":["post-49895","page","type-page","status-publish","hentry"],"acf":[],"_links":{"self":[{"href":"https:\/\/flameanalytics.com\/es\/wp-json\/wp\/v2\/pages\/49895","targetHints":{"allow":["GET"]}}],"collection":[{"href":"https:\/\/flameanalytics.com\/es\/wp-json\/wp\/v2\/pages"}],"about":[{"href":"https:\/\/flameanalytics.com\/es\/wp-json\/wp\/v2\/types\/page"}],"author":[{"embeddable":true,"href":"https:\/\/flameanalytics.com\/es\/wp-json\/wp\/v2\/users\/3"}],"replies":[{"embeddable":true,"href":"https:\/\/flameanalytics.com\/es\/wp-json\/wp\/v2\/comments?post=49895"}],"version-history":[{"count":0,"href":"https:\/\/flameanalytics.com\/es\/wp-json\/wp\/v2\/pages\/49895\/revisions"}],"wp:attachment":[{"href":"https:\/\/flameanalytics.com\/es\/wp-json\/wp\/v2\/media?parent=49895"}],"curies":[{"name":"wp","href":"https:\/\/api.w.org\/{rel}","templated":true}]}}