{"id":46073,"date":"2023-10-05T12:14:10","date_gmt":"2023-10-05T11:14:10","guid":{"rendered":"https:\/\/menu.flameanalytics.com\/aviso-legal\/"},"modified":"2026-01-08T21:36:58","modified_gmt":"2026-01-08T20:36:58","slug":"detailed-information","status":"publish","type":"page","link":"https:\/\/flameanalytics.com\/en\/detailed-information\/","title":{"rendered":"Detailed information on processing"},"content":{"rendered":"\t\t<div data-elementor-type=\"wp-page\" data-elementor-id=\"46073\" class=\"elementor elementor-46073\" data-elementor-post-type=\"page\">\n\t\t\t\t\t\t<section class=\"elementor-section elementor-top-section elementor-element elementor-element-5699e99b elementor-section-height-min-height elementor-section-boxed elementor-section-height-default elementor-section-items-middle wpr-particle-no wpr-jarallax-no wpr-parallax-no wpr-sticky-section-no\" data-id=\"5699e99b\" data-element_type=\"section\" data-e-type=\"section\" data-settings=\"{&quot;background_background&quot;:&quot;classic&quot;}\">\n\t\t\t\t\t\t<div class=\"elementor-container elementor-column-gap-default\">\n\t\t\t\t\t<div class=\"elementor-column elementor-col-100 elementor-top-column elementor-element elementor-element-7d584ad8\" data-id=\"7d584ad8\" data-element_type=\"column\" data-e-type=\"column\">\n\t\t\t<div class=\"elementor-widget-wrap elementor-element-populated\">\n\t\t\t\t\t\t<div class=\"elementor-element elementor-element-400750a6 elementor-widget__width-inherit elementor-widget elementor-widget-heading\" data-id=\"400750a6\" data-element_type=\"widget\" data-e-type=\"widget\" data-widget_type=\"heading.default\">\n\t\t\t\t<div class=\"elementor-widget-container\">\n\t\t\t\t\t<p class=\"elementor-heading-title elementor-size-default\">Detailed information on processing<\/p>\t\t\t\t<\/div>\n\t\t\t\t<\/div>\n\t\t\t\t<div class=\"elementor-element elementor-element-37d65f5e elementor-widget__width-initial elementor-widget elementor-widget-text-editor\" data-id=\"37d65f5e\" data-element_type=\"widget\" data-e-type=\"widget\" data-widget_type=\"text-editor.default\">\n\t\t\t\t<div class=\"elementor-widget-container\">\n\t\t\t\t\t\t\t\t\t<span style=\"color: #ffffff; font-family: Instrument Sans; font-weight: normal; line-height: 120%;\"><\/span>\t\t\t\t\t\t\t\t<\/div>\n\t\t\t\t<\/div>\n\t\t\t\t\t<\/div>\n\t\t<\/div>\n\t\t\t\t\t<\/div>\n\t\t<\/section>\n\t\t<div class=\"elementor-element elementor-element-3b2085bf e-flex e-con-boxed wpr-particle-no wpr-jarallax-no wpr-parallax-no wpr-sticky-section-no e-con e-parent\" data-id=\"3b2085bf\" data-element_type=\"container\" data-e-type=\"container\" data-settings=\"{&quot;background_background&quot;:&quot;gradient&quot;}\">\n\t\t\t\t\t<div class=\"e-con-inner\">\n\t\t\t\t<div class=\"elementor-element elementor-element-145cf527 texto-legal elementor-widget elementor-widget-text-editor\" data-id=\"145cf527\" data-element_type=\"widget\" data-e-type=\"widget\" data-widget_type=\"text-editor.default\">\n\t\t\t\t<div class=\"elementor-widget-container\">\n\t\t\t\t\t\t\t\t\t<h2>Processing Manager<\/h2><p>Pursuant to Article 13 of the Regulation (EU) 2016\/679 of April 27, 2016, on the protection of personal data (hereinafter \u201cGDPR\u201d), please be informed that the information provided by you (name, surnames, email, date of birth, gender, telephone number and postal code), as well as that obtained from your devices (MAC address, positioning data and circulation flow), will remain under the responsibility of\u00a0<b>FLAME ANALYTICS, S.L.,<\/b>\u00a0responsible for the processing, company with Tax ID Number B52543691 and registered office at Espacio Tecnol\u00f3gico Molin\u00f3n, El Molin\u00f3n 100, C.P. 33203 Gij\u00f3n (Asturias), which can be contacted by telephone (+34) 984 19 14 05 or via its email address\u00a0<a href=\"mailto:info@flameanalytics.com\">info@flameanalytics.com<\/a>.<\/p><p>You are also informed that\u00a0<b>FLAME ANALYTICS, S.L<\/b>. (hereinafter \u201c<b>FLAME<\/b>\u201d) has appointed\u00a0a representative for matters related to personal data protection, who can be contacted to exercise your rights at the email address\u00a0<a href=\"mailto:privacy@flameanalytics.com\">privacy@flameanalytics.com<\/a>.<\/p><h2>Purposes of processing<\/h2><p>In order to access the service, the user must accept all the purposes for which it was created since the benefits derived from them help the establishment from which you have connected to the service in covering the costs resulting from the access service to the WiFi network<\/p><p>In order to use this WiFi access service, it is necessary to collect personal contact information which is requested in the registration form and through social networks. Therefore, please be informed that by sending the aforementioned data, you are AWARE and ACCEPT that\u00a0<b>FLAME<\/b>\u00a0collects and processes your personal data, MAC address and the positioning data and circulation flow generated by your mobile devices resulting from their movements within the premises. Collecting this data is necessary for the following purposes:<\/p><ul><li>For statistical studies conducted by FLAME and the establishment from which you have connected to the service.<\/li><li>For sending by email the newsletter of the establishment from which you have connected to the service as well as send commercial communications by e-mail, fax, SMS, MMS, social networks or any other electronic or physical means, present or future, that enable commercial communications. These commercial communications may be related to products or services offered by the establishment from where the connection to the service was made, or with commercial communications and services offered by the collaborators or partners with whom the establishment where the connection to the service was made reaches a commercial promotion agreement among its clients on the offers and services offered by these collaborators or partners.<\/li><\/ul><p>The USER can unsubscribe from being sent commercial communications through the option provided in each of the communications addressed to him\/her by clicking on the section to opt-out from receiving all emails sent by the establishment from which the user has connected to the service. Unsubscribing from the communications automatically leads to the cancellation of the SERVICE since the processing of data for commercial purposes is considered as remuneration for the service provided.<\/p><p>We will keep your personal information for\u00a0<b>three years<\/b>\u00a0or until the user requests its erasure.<\/p><h2>Legitimacy for processing<\/h2><p>The WiFi internet service allows the user to have a free internet connection. In order to use it, the user must voluntarily provide the information, or log in through a social network, and explicitly accept the purposes of the processing and these conditions.<\/p><p>Failure to submit the requested information or explicit non-acceptance of these conditions will result in the inability to provide you with the WiFi internet service.<\/p><h2>Recipients of the data<\/h2><p>Personal data will be transmitted to the establishment where you have connected to the service and will be used only for the purposes described in section 2.<\/p><h2>Rights of the interested party<\/h2><p>Any user has the right to obtain confirmation as to whether\u00a0<b>FLAME<\/b>\u00a0is processing his\/her personal data.<\/p><p>The user has the right to access personal data concerning him\/her and to request for the rectification of inaccurate data or, where appropriate, request its erasure when, among other reasons, the data is no longer necessary for the purposes of collection.<\/p><p>Under certain circumstances, the user may request a restriction on the processing of their data, in which case such data will only be retained for the establishment, exercise or defence of legal claims.<\/p><p>Similarly, for reasons related to his\/her particular situation, the interested party may object to the processing of his\/her personal data. In this case,\u00a0<b>FLAME<\/b>\u00a0will stop processing the data, and delete it, except in the event of compelling legitimate grounds or for the establishment, exercise or defence of legal claims.<\/p><p>Similarly, you may request the portability of your personal data, in which case the data will be transmitted from\u00a0<b>FLAME<\/b>\u00a0to the person responsible for the requested processing, when technically feasible.<\/p><p>To exercise the right to modify your data and\/or cancel commercial communications a portal has been made available and can be accessed at the following URL:\u00a0<a href=\"https:\/\/portal.flameanalytics.com\/\">https:\/\/portal.flameanalytics.com<\/a>.<\/p><p>In order to exercise any other right, the user must send a request including the interested party\u2019s name and surname, a copy of his\/her National ID card (DNI) and, in those cases where it is admitted, his\/her representative, along with accrediting documents of the representation; the petition in which the request is specified, address for the purposes of notifications, date and signature of the applicant and the supporting documents of the petition being made. All this information must be sent to our representative.<\/p><p>No charge whatsoever will be made for exercising these rights, in accordance with the terms established in the applicable regulations which can be consulted at this link:\u00a0<a href=\"https:\/\/www.agpd.es\/\" target=\"_blank\" rel=\"noopener\">www.agpd.es<\/a>.<\/p><p>The interested party may withdraw his\/her consent to the aforementioned purposes set out above at any time.<\/p><p>Additionally, the interested party has the right to file a complaint with the Spanish Data Protection Agency (AEPD) through\u00a0the AEPD complaints reporting service; especially if he\/she has not obtained satisfaction in the exercise of his\/her rights.<\/p><h2>Cookie policy<\/h2><p>Session cookies: Internal use of the application server. Variable with the session ID of the user and the node to which his\/her session has been assigned.<\/p><h2>Security measures<\/h2><p><b>FLAME<\/b>\u00a0has adopted the necessary security measures so that your personal data is not compromised.<\/p><p>Similarly, please be informed that your data is stored in a provider which belongs to the European Union with which\u00a0<b>FLAME<\/b>\u00a0holds a contract that ensures full compliance on the part of the provider with the current legislation on personal data protection.<\/p>\t\t\t\t\t\t\t\t<\/div>\n\t\t\t\t<\/div>\n\t\t\t\t\t<\/div>\n\t\t\t\t<\/div>\n\t\t\t\t<\/div>\n\t\t","protected":false},"excerpt":{"rendered":"<p>Detailed information on processing Processing Manager Pursuant to Article 13 of the Regulation (EU) 2016\/679 of April 27, 2016, on the protection of personal data (hereinafter \u201cGDPR\u201d), please be informed that the information provided by you (name, surnames, email, date of birth, gender, telephone number and postal code), as well as that obtained from your devices (MAC address, positioning data and circulation flow), will remain under the responsibility of\u00a0FLAME ANALYTICS, S.L.,\u00a0responsible for the processing, company with Tax ID Number B52543691 and registered office at Espacio Tecnol\u00f3gico Molin\u00f3n, El Molin\u00f3n 100, C.P. 33203 Gij\u00f3n (Asturias), which can be contacted by telephone (+34) 984 19 14 05 or via its email address\u00a0info@flameanalytics.com. You are also informed that\u00a0FLAME ANALYTICS, S.L. (hereinafter \u201cFLAME\u201d) has appointed\u00a0a representative for matters related to personal data protection, who can be contacted to exercise your rights at the email address\u00a0privacy@flameanalytics.com. Purposes of processing In order to access the service, the user must accept all the purposes for which it was created since the benefits derived from them help the establishment from which you have connected to the service in covering the costs resulting from the access service to the WiFi network In order to use this WiFi access service, it is necessary to collect personal contact information which is requested in the registration form and through social networks. Therefore, please be informed that by sending the aforementioned data, you are AWARE and ACCEPT that\u00a0FLAME\u00a0collects and processes your personal data, MAC address and the positioning data and circulation flow generated by your mobile devices resulting from their movements within the premises. Collecting this data is necessary for the following purposes: For statistical studies conducted by FLAME and the establishment from which you have connected to the service. For sending by email the newsletter of the establishment from which you have connected to the service as well as send commercial communications by e-mail, fax, SMS, MMS, social networks or any other electronic or physical means, present or future, that enable commercial communications. These commercial communications may be related to products or services offered by the establishment from where the connection to the service was made, or with commercial communications and services offered by the collaborators or partners with whom the establishment where the connection to the service was made reaches a commercial promotion agreement among its clients on the offers and services offered by these collaborators or partners. The USER can unsubscribe from being sent commercial communications through the option provided in each of the communications addressed to him\/her by clicking on the section to opt-out from receiving all emails sent by the establishment from which the user has connected to the service. Unsubscribing from the communications automatically leads to the cancellation of the SERVICE since the processing of data for commercial purposes is considered as remuneration for the service provided. We will keep your personal information for\u00a0three years\u00a0or until the user requests its erasure. Legitimacy for processing The WiFi internet service allows the user to have a free internet connection. In order to use it, the user must voluntarily provide the information, or log in through a social network, and explicitly accept the purposes of the processing and these conditions. Failure to submit the requested information or explicit non-acceptance of these conditions will result in the inability to provide you with the WiFi internet service. Recipients of the data Personal data will be transmitted to the establishment where you have connected to the service and will be used only for the purposes described in section 2. Rights of the interested party Any user has the right to obtain confirmation as to whether\u00a0FLAME\u00a0is processing his\/her personal data. The user has the right to access personal data concerning him\/her and to request for the rectification of inaccurate data or, where appropriate, request its erasure when, among other reasons, the data is no longer necessary for the purposes of collection. Under certain circumstances, the user may request a restriction on the processing of their data, in which case such data will only be retained for the establishment, exercise or defence of legal claims. Similarly, for reasons related to his\/her particular situation, the interested party may object to the processing of his\/her personal data. In this case,\u00a0FLAME\u00a0will stop processing the data, and delete it, except in the event of compelling legitimate grounds or for the establishment, exercise or defence of legal claims. Similarly, you may request the portability of your personal data, in which case the data will be transmitted from\u00a0FLAME\u00a0to the person responsible for the requested processing, when technically feasible. To exercise the right to modify your data and\/or cancel commercial communications a portal has been made available and can be accessed at the following URL:\u00a0https:\/\/portal.flameanalytics.com. In order to exercise any other right, the user must send a request including the interested party\u2019s name and surname, a copy of his\/her National ID card (DNI) and, in those cases where it is admitted, his\/her representative, along with accrediting documents of the representation; the petition in which the request is specified, address for the purposes of notifications, date and signature of the applicant and the supporting documents of the petition being made. All this information must be sent to our representative. No charge whatsoever will be made for exercising these rights, in accordance with the terms established in the applicable regulations which can be consulted at this link:\u00a0www.agpd.es. The interested party may withdraw his\/her consent to the aforementioned purposes set out above at any time. Additionally, the interested party has the right to file a complaint with the Spanish Data Protection Agency (AEPD) through\u00a0the AEPD complaints reporting service; especially if he\/she has not obtained satisfaction in the exercise of his\/her rights. Cookie policy Session cookies: Internal use of the application server. Variable with the session ID of the user and the node to which his\/her session has been assigned. Security measures FLAME\u00a0has adopted the necessary security measures so that your personal data is not compromised. Similarly, please be informed that your data is stored<\/p>\n","protected":false},"author":3,"featured_media":0,"parent":0,"menu_order":0,"comment_status":"closed","ping_status":"closed","template":"","meta":{"_acf_changed":false,"footnotes":""},"class_list":["post-46073","page","type-page","status-publish","hentry"],"acf":[],"_links":{"self":[{"href":"https:\/\/flameanalytics.com\/en\/wp-json\/wp\/v2\/pages\/46073","targetHints":{"allow":["GET"]}}],"collection":[{"href":"https:\/\/flameanalytics.com\/en\/wp-json\/wp\/v2\/pages"}],"about":[{"href":"https:\/\/flameanalytics.com\/en\/wp-json\/wp\/v2\/types\/page"}],"author":[{"embeddable":true,"href":"https:\/\/flameanalytics.com\/en\/wp-json\/wp\/v2\/users\/3"}],"replies":[{"embeddable":true,"href":"https:\/\/flameanalytics.com\/en\/wp-json\/wp\/v2\/comments?post=46073"}],"version-history":[{"count":3,"href":"https:\/\/flameanalytics.com\/en\/wp-json\/wp\/v2\/pages\/46073\/revisions"}],"predecessor-version":[{"id":72811,"href":"https:\/\/flameanalytics.com\/en\/wp-json\/wp\/v2\/pages\/46073\/revisions\/72811"}],"wp:attachment":[{"href":"https:\/\/flameanalytics.com\/en\/wp-json\/wp\/v2\/media?parent=46073"}],"curies":[{"name":"wp","href":"https:\/\/api.w.org\/{rel}","templated":true}]}}